{"id":931,"date":"2024-08-14T11:59:23","date_gmt":"2024-08-14T09:59:23","guid":{"rendered":"https:\/\/www.grends.de\/clientes\/"},"modified":"2024-08-14T11:59:25","modified_gmt":"2024-08-14T09:59:25","slug":"clientes","status":"publish","type":"page","link":"https:\/\/www.grends.de\/es\/b2b\/clientes\/","title":{"rendered":"Clientes"},"content":{"rendered":"\t\t<div data-elementor-type=\"wp-page\" data-elementor-id=\"931\" class=\"elementor elementor-931 elementor-90\" data-elementor-post-type=\"page\">\n\t\t\t\t\t\t<section class=\"elementor-section elementor-top-section elementor-element elementor-element-a0d7b38 elementor-section-boxed elementor-section-height-default elementor-section-height-default\" data-id=\"a0d7b38\" data-element_type=\"section\" data-e-type=\"section\" data-settings=\"{&quot;background_background&quot;:&quot;classic&quot;}\">\n\t\t\t\t\t\t<div class=\"elementor-container elementor-column-gap-default\">\n\t\t\t\t\t<div class=\"elementor-column elementor-col-100 elementor-top-column elementor-element elementor-element-4621a8d\" data-id=\"4621a8d\" data-element_type=\"column\" data-e-type=\"column\">\n\t\t\t<div class=\"elementor-widget-wrap elementor-element-populated\">\n\t\t\t\t\t\t<div class=\"elementor-element elementor-element-3024a47 elementor-widget elementor-widget-heading\" data-id=\"3024a47\" data-element_type=\"widget\" data-e-type=\"widget\" data-widget_type=\"heading.default\">\n\t\t\t\t<div class=\"elementor-widget-container\">\n\t\t\t\t\t<h1 class=\"elementor-heading-title elementor-size-default\">Nuestros clientes<\/h1>\t\t\t\t<\/div>\n\t\t\t\t<\/div>\n\t\t\t\t\t<\/div>\n\t\t<\/div>\n\t\t\t\t\t<\/div>\n\t\t<\/section>\n\t\t\t\t<section class=\"elementor-section elementor-top-section elementor-element elementor-element-d4f37c6 elementor-section-boxed elementor-section-height-default elementor-section-height-default\" data-id=\"d4f37c6\" data-element_type=\"section\" data-e-type=\"section\">\n\t\t\t\t\t\t<div class=\"elementor-container elementor-column-gap-default\">\n\t\t\t\t\t<div class=\"elementor-column elementor-col-100 elementor-top-column elementor-element elementor-element-b44dee4\" data-id=\"b44dee4\" data-element_type=\"column\" data-e-type=\"column\">\n\t\t\t<div class=\"elementor-widget-wrap elementor-element-populated\">\n\t\t\t\t\t\t<div class=\"elementor-element elementor-element-c9dfd79 elementor-widget elementor-widget-heading\" data-id=\"c9dfd79\" data-element_type=\"widget\" data-e-type=\"widget\" data-widget_type=\"heading.default\">\n\t\t\t\t<div class=\"elementor-widget-container\">\n\t\t\t\t\t<h2 class=\"elementor-heading-title elementor-size-default\">Versatilidad. Prueba de flexibilidad.<\/h2>\t\t\t\t<\/div>\n\t\t\t\t<\/div>\n\t\t\t\t<div class=\"elementor-element elementor-element-c1ab864 elementor-widget elementor-widget-text-editor\" data-id=\"c1ab864\" data-element_type=\"widget\" data-e-type=\"widget\" data-widget_type=\"text-editor.default\">\n\t\t\t\t<div class=\"elementor-widget-container\">\n\t\t\t\t\t\t\t\t\t<p>Nuestra clientela abarca todo el panorama minorista de bienes de consumo en el sector no alimentario. Desde minoristas especializados y bien surtidos hasta grupos de compra y grandes almacenes, pasando por los grandes actores del comercio minorista de alimentaci\u00f3n o los programas de bonificaci\u00f3n y fidelizaci\u00f3n y las tiendas en l\u00ednea. Nuestros clientes trabajan con nosotros para realizar productos para sus propias marcas, crear escaparates tem\u00e1ticos con una amplia selecci\u00f3n de productos o encontrar complementos \u00fatiles y rentables para su gama de productos entre los productos de nuestras marcas: la lista de posibilidades es larga.<\/p>\n\t\t\t\t\t\t\t\t<\/div>\n\t\t\t\t<\/div>\n\t\t\t\t<div class=\"elementor-element elementor-element-11bf698 elementor-widget elementor-widget-heading\" data-id=\"11bf698\" data-element_type=\"widget\" data-e-type=\"widget\" data-widget_type=\"heading.default\">\n\t\t\t\t<div class=\"elementor-widget-container\">\n\t\t\t\t\t<h2 class=\"elementor-heading-title elementor-size-default\">Referencias: Hanse\u00e1ticamente discreto<\/h2>\t\t\t\t<\/div>\n\t\t\t\t<\/div>\n\t\t\t\t<div class=\"elementor-element elementor-element-0031096 elementor-widget elementor-widget-text-editor\" data-id=\"0031096\" data-element_type=\"widget\" data-e-type=\"widget\" data-widget_type=\"text-editor.default\">\n\t\t\t\t<div class=\"elementor-widget-container\">\n\t\t\t\t\t\t\t\t\t<p>Estamos orgullosos de nuestras s\u00f3lidas y duraderas relaciones con los clientes. Y por eso no hablamos de ello. Porque estas relaciones se caracterizan por la confianza y la lealtad. Cualquiera que conozca la industria sabe que un proveedor bueno y fiable es una ventaja competitiva para nuestros clientes que les da ventaja. Nos gusta mantener en secreto un cumplido as\u00ed.<\/p>\n\t\t\t\t\t\t\t\t<\/div>\n\t\t\t\t<\/div>\n\t\t\t\t\t<\/div>\n\t\t<\/div>\n\t\t\t\t\t<\/div>\n\t\t<\/section>\n\t\t\t\t<\/div>\n\t\t","protected":false},"excerpt":{"rendered":"<p>Nuestros clientes Versatilidad. Prueba de flexibilidad. Nuestra clientela abarca todo el panorama minorista de bienes de consumo en el sector no alimentario. Desde minoristas especializados y bien surtidos hasta grupos de compra y grandes almacenes, pasando por los grandes actores del comercio minorista de alimentaci\u00f3n o los programas de bonificaci\u00f3n y fidelizaci\u00f3n y las tiendas [&hellip;]<\/p>\n","protected":false},"author":3,"featured_media":244,"parent":970,"menu_order":3,"comment_status":"closed","ping_status":"closed","template":"","meta":{"_seopress_robots_primary_cat":"","_seopress_titles_title":"","_seopress_titles_desc":"","_seopress_robots_index":"","footnotes":""},"class_list":["post-931","page","type-page","status-publish","has-post-thumbnail","hentry"],"ase":null,"_links":{"self":[{"href":"https:\/\/www.grends.de\/es\/wp-json\/wp\/v2\/pages\/931","targetHints":{"allow":["GET"]}}],"collection":[{"href":"https:\/\/www.grends.de\/es\/wp-json\/wp\/v2\/pages"}],"about":[{"href":"https:\/\/www.grends.de\/es\/wp-json\/wp\/v2\/types\/page"}],"author":[{"embeddable":true,"href":"https:\/\/www.grends.de\/es\/wp-json\/wp\/v2\/users\/3"}],"replies":[{"embeddable":true,"href":"https:\/\/www.grends.de\/es\/wp-json\/wp\/v2\/comments?post=931"}],"version-history":[{"count":3,"href":"https:\/\/www.grends.de\/es\/wp-json\/wp\/v2\/pages\/931\/revisions"}],"predecessor-version":[{"id":939,"href":"https:\/\/www.grends.de\/es\/wp-json\/wp\/v2\/pages\/931\/revisions\/939"}],"up":[{"embeddable":true,"href":"https:\/\/www.grends.de\/es\/wp-json\/wp\/v2\/pages\/970"}],"wp:featuredmedia":[{"embeddable":true,"href":"https:\/\/www.grends.de\/es\/wp-json\/wp\/v2\/media\/244"}],"wp:attachment":[{"href":"https:\/\/www.grends.de\/es\/wp-json\/wp\/v2\/media?parent=931"}],"curies":[{"name":"wp","href":"https:\/\/api.w.org\/{rel}","templated":true}]}}