{"id":941,"date":"2024-08-14T11:59:25","date_gmt":"2024-08-14T09:59:25","guid":{"rendered":"https:\/\/www.grends.de\/pie-de-imprenta\/"},"modified":"2024-08-14T11:59:25","modified_gmt":"2024-08-14T09:59:25","slug":"pie-de-imprenta","status":"publish","type":"page","link":"https:\/\/www.grends.de\/es\/pie-de-imprenta\/","title":{"rendered":"Pie de imprenta"},"content":{"rendered":"\t\t<div data-elementor-type=\"wp-page\" data-elementor-id=\"941\" class=\"elementor elementor-941 elementor-133\" data-elementor-post-type=\"page\">\n\t\t\t\t\t\t<section class=\"elementor-section elementor-top-section elementor-element elementor-element-2cd7b09 elementor-section-boxed elementor-section-height-default elementor-section-height-default\" data-id=\"2cd7b09\" data-element_type=\"section\" data-e-type=\"section\">\n\t\t\t\t\t\t<div class=\"elementor-container elementor-column-gap-default\">\n\t\t\t\t\t<div class=\"elementor-column elementor-col-100 elementor-top-column elementor-element elementor-element-f2f7d2e\" data-id=\"f2f7d2e\" data-element_type=\"column\" data-e-type=\"column\">\n\t\t\t<div class=\"elementor-widget-wrap elementor-element-populated\">\n\t\t\t\t\t\t<div class=\"elementor-element elementor-element-f59b23a elementor-widget elementor-widget-heading\" data-id=\"f59b23a\" data-element_type=\"widget\" data-e-type=\"widget\" data-widget_type=\"heading.default\">\n\t\t\t\t<div class=\"elementor-widget-container\">\n\t\t\t\t\t<h1 class=\"elementor-heading-title elementor-size-default\">Pie de imprenta<\/h1>\t\t\t\t<\/div>\n\t\t\t\t<\/div>\n\t\t\t\t<div class=\"elementor-element elementor-element-1d82ec2 elementor-widget-divider--view-line elementor-widget elementor-widget-divider\" data-id=\"1d82ec2\" data-element_type=\"widget\" data-e-type=\"widget\" data-widget_type=\"divider.default\">\n\t\t\t\t<div class=\"elementor-widget-container\">\n\t\t\t\t\t\t\t<div class=\"elementor-divider\">\n\t\t\t<span class=\"elementor-divider-separator\">\n\t\t\t\t\t\t<\/span>\n\t\t<\/div>\n\t\t\t\t\t\t<\/div>\n\t\t\t\t<\/div>\n\t\t\t\t<div class=\"elementor-element elementor-element-ac2c851 elementor-widget elementor-widget-text-editor\" data-id=\"ac2c851\" data-element_type=\"widget\" data-e-type=\"widget\" data-widget_type=\"text-editor.default\">\n\t\t\t\t<div class=\"elementor-widget-container\">\n\t\t\t\t\t\t\t\t\t<p>GRENDS GmbH Stahltwiete 23 22761 Hamburgo Alemania<\/p>\n<p>Tel\u00e9fono: +49 (0)40 33 46 875-00 Fax: +49 (0)40 33 468 75-99 Correo electr\u00f3nico:<a href=\"info@grends.de\">info(at)grends.de<\/a><\/p>\n<p>Tribunal de registro: Tribunal local de Hamburgo N\u00famero de registro: HRB 177285 N\u00famero RAEE: 37737700<\/p>\n<p>Directores generales: Moritz Goebel, Thorsten Thiel<\/p>\n<p>N\u00famero de identificaci\u00f3n del impuesto sobre el valor a\u00f1adido de conformidad con el art\u00edculo 27 a de la Ley del Impuesto sobre el Valor A\u00f1adido: DE333439040<\/p>\n<p>Plataforma de la Comisi\u00f3n Europea para la resoluci\u00f3n de litigios en l\u00ednea: https:\/\/ec.europa.eu\/odr<\/p>\n<p>No estamos obligados ni dispuestos a participar en un procedimiento de resoluci\u00f3n de litigios ante una junta de arbitraje de consumo.<\/p>\n\t\t\t\t\t\t\t\t<\/div>\n\t\t\t\t<\/div>\n\t\t\t\t\t<\/div>\n\t\t<\/div>\n\t\t\t\t\t<\/div>\n\t\t<\/section>\n\t\t\t\t<\/div>\n\t\t","protected":false},"excerpt":{"rendered":"<p>Pie de imprenta GRENDS GmbH Stahltwiete 23 22761 Hamburgo Alemania Tel\u00e9fono: +49 (0)40 33 46 875-00 Fax: +49 (0)40 33 468 75-99 Correo electr\u00f3nico:info(at)grends.de Tribunal de registro: Tribunal local de Hamburgo N\u00famero de registro: HRB 177285 N\u00famero RAEE: 37737700 Directores generales: Moritz Goebel, Thorsten Thiel N\u00famero de identificaci\u00f3n del impuesto sobre el valor a\u00f1adido de [&hellip;]<\/p>\n","protected":false},"author":3,"featured_media":864,"parent":0,"menu_order":4,"comment_status":"closed","ping_status":"closed","template":"","meta":{"_seopress_robots_primary_cat":"","_seopress_titles_title":"","_seopress_titles_desc":"","_seopress_robots_index":"","footnotes":""},"class_list":["post-941","page","type-page","status-publish","has-post-thumbnail","hentry"],"ase":null,"_links":{"self":[{"href":"https:\/\/www.grends.de\/es\/wp-json\/wp\/v2\/pages\/941","targetHints":{"allow":["GET"]}}],"collection":[{"href":"https:\/\/www.grends.de\/es\/wp-json\/wp\/v2\/pages"}],"about":[{"href":"https:\/\/www.grends.de\/es\/wp-json\/wp\/v2\/types\/page"}],"author":[{"embeddable":true,"href":"https:\/\/www.grends.de\/es\/wp-json\/wp\/v2\/users\/3"}],"replies":[{"embeddable":true,"href":"https:\/\/www.grends.de\/es\/wp-json\/wp\/v2\/comments?post=941"}],"version-history":[{"count":3,"href":"https:\/\/www.grends.de\/es\/wp-json\/wp\/v2\/pages\/941\/revisions"}],"predecessor-version":[{"id":946,"href":"https:\/\/www.grends.de\/es\/wp-json\/wp\/v2\/pages\/941\/revisions\/946"}],"wp:featuredmedia":[{"embeddable":true,"href":"https:\/\/www.grends.de\/es\/wp-json\/wp\/v2\/media\/864"}],"wp:attachment":[{"href":"https:\/\/www.grends.de\/es\/wp-json\/wp\/v2\/media?parent=941"}],"curies":[{"name":"wp","href":"https:\/\/api.w.org\/{rel}","templated":true}]}}