{"id":1092,"date":"2024-08-14T15:34:25","date_gmt":"2024-08-14T13:34:25","guid":{"rendered":"https:\/\/www.grends.de\/b2b\/"},"modified":"2024-08-15T10:00:54","modified_gmt":"2024-08-15T08:00:54","slug":"b2b","status":"publish","type":"page","link":"https:\/\/www.grends.de\/fr\/b2b\/","title":{"rendered":"B2B"},"content":{"rendered":"\t\t<div data-elementor-type=\"wp-page\" data-elementor-id=\"1092\" class=\"elementor elementor-1092 elementor-44\" data-elementor-post-type=\"page\">\n\t\t\t\t\t\t<section class=\"elementor-section elementor-top-section elementor-element elementor-element-357e20f elementor-section-boxed elementor-section-height-default elementor-section-height-default\" data-id=\"357e20f\" data-element_type=\"section\" data-e-type=\"section\" data-settings=\"{&quot;background_background&quot;:&quot;classic&quot;}\">\n\t\t\t\t\t\t<div class=\"elementor-container elementor-column-gap-default\">\n\t\t\t\t\t<div class=\"elementor-column elementor-col-100 elementor-top-column elementor-element elementor-element-fcb484b\" data-id=\"fcb484b\" data-element_type=\"column\" data-e-type=\"column\">\n\t\t\t<div class=\"elementor-widget-wrap elementor-element-populated\">\n\t\t\t\t\t\t<div class=\"elementor-element elementor-element-2d6eddd elementor-widget elementor-widget-heading\" data-id=\"2d6eddd\" data-element_type=\"widget\" data-e-type=\"widget\" data-widget_type=\"heading.default\">\n\t\t\t\t<div class=\"elementor-widget-container\">\n\t\t\t\t\t<h1 class=\"elementor-heading-title elementor-size-default\">Nos services<\/h1>\t\t\t\t<\/div>\n\t\t\t\t<\/div>\n\t\t\t\t\t<\/div>\n\t\t<\/div>\n\t\t\t\t\t<\/div>\n\t\t<\/section>\n\t\t\t\t<section class=\"elementor-section elementor-top-section elementor-element elementor-element-ff4e79f elementor-section-boxed elementor-section-height-default elementor-section-height-default\" data-id=\"ff4e79f\" data-element_type=\"section\" data-e-type=\"section\">\n\t\t\t\t\t\t<div class=\"elementor-container elementor-column-gap-default\">\n\t\t\t\t\t<div class=\"elementor-column elementor-col-100 elementor-top-column elementor-element elementor-element-1e1b1dc\" data-id=\"1e1b1dc\" data-element_type=\"column\" data-e-type=\"column\">\n\t\t\t<div class=\"elementor-widget-wrap elementor-element-populated\">\n\t\t\t\t\t\t<div class=\"elementor-element elementor-element-43b7c6f elementor-position-inline-start elementor-view-default elementor-mobile-position-block-start elementor-widget elementor-widget-icon-box\" data-id=\"43b7c6f\" data-element_type=\"widget\" data-e-type=\"widget\" data-widget_type=\"icon-box.default\">\n\t\t\t\t<div class=\"elementor-widget-container\">\n\t\t\t\t\t\t\t<div class=\"elementor-icon-box-wrapper\">\n\n\t\t\t\t\t\t<div class=\"elementor-icon-box-icon\">\n\t\t\t\t<span  class=\"elementor-icon\">\n\t\t\t\t<i aria-hidden=\"true\" class=\"far fa-eye\"><\/i>\t\t\t\t<\/span>\n\t\t\t<\/div>\n\t\t\t\n\t\t\t\t\t\t<div class=\"elementor-icon-box-content\">\n\n\t\t\t\t\t\t\t\t\t<h2 class=\"elementor-icon-box-title\">\n\t\t\t\t\t\t<span  >\n\t\t\t\t\t\t\tId\u00e9es de produits.\nLa tendance rencontre la marque \t\t\t\t\t\t<\/span>\n\t\t\t\t\t<\/h2>\n\t\t\t\t\n\t\t\t\t\n\t\t\t<\/div>\n\t\t\t\n\t\t<\/div>\n\t\t\t\t\t\t<\/div>\n\t\t\t\t<\/div>\n\t\t\t\t\t<\/div>\n\t\t<\/div>\n\t\t\t\t\t<\/div>\n\t\t<\/section>\n\t\t\t\t<section class=\"elementor-section elementor-top-section elementor-element elementor-element-7e4d81c elementor-section-boxed elementor-section-height-default elementor-section-height-default\" data-id=\"7e4d81c\" data-element_type=\"section\" data-e-type=\"section\">\n\t\t\t\t\t\t<div class=\"elementor-container elementor-column-gap-default\">\n\t\t\t\t\t<div class=\"elementor-column elementor-col-66 elementor-top-column elementor-element elementor-element-8367ec0\" data-id=\"8367ec0\" data-element_type=\"column\" data-e-type=\"column\">\n\t\t\t<div class=\"elementor-widget-wrap elementor-element-populated\">\n\t\t\t\t\t\t<div class=\"elementor-element elementor-element-3679ff7 elementor-widget elementor-widget-text-editor\" data-id=\"3679ff7\" data-element_type=\"widget\" data-e-type=\"widget\" data-widget_type=\"text-editor.default\">\n\t\t\t\t<div class=\"elementor-widget-container\">\n\t\t\t\t\t\t\t\t\t<p><strong>La vie peut \u00eatre si facile. Avec des partenaires qui reconnaissent aujourd&rsquo;hui ce qui sera la tendance de demain, qui connaissent ce qui a fait ses preuves, mais qui continuent \u00e0 innover avec passion. <\/strong><\/p><p>C&rsquo;est exactement ce que fait notre \u00e9quipe de gestion des produits &#8211; les yeux ouverts sur les salons internationaux, dans le cadre de partenariats pr\u00e9cieux avec nos fournisseurs ou lors de r\u00e9unions internes sur les produits, toujours avec un regard s\u00fbr sur les opportunit\u00e9s du march\u00e9 et la faisabilit\u00e9.\u00a0<\/p><p>Nous nous mettons d&rsquo;accord avec nos clients sur les canaux de vente et les groupes cibles, nous donnons l&rsquo;impulsion pour de nouveaux produits et designs, mais nous mettons \u00e9galement en \u0153uvre les demandes concr\u00e8tes.<\/p><p>De l&rsquo;\u00e9chantillonnage \u00e0 la commande, nous nous occupons de tout.<\/p>\t\t\t\t\t\t\t\t<\/div>\n\t\t\t\t<\/div>\n\t\t\t\t\t<\/div>\n\t\t<\/div>\n\t\t\t\t<div class=\"elementor-column elementor-col-33 elementor-top-column elementor-element elementor-element-36c3c7d\" data-id=\"36c3c7d\" data-element_type=\"column\" data-e-type=\"column\">\n\t\t\t<div class=\"elementor-widget-wrap elementor-element-populated\">\n\t\t\t\t\t\t<div class=\"elementor-element elementor-element-d6805ef elementor-widget elementor-widget-text-editor\" data-id=\"d6805ef\" data-element_type=\"widget\" data-e-type=\"widget\" data-widget_type=\"text-editor.default\">\n\t\t\t\t<div class=\"elementor-widget-container\">\n\t\t\t\t\t\t\t\t\t<p><strong>Contact<\/strong><\/p>\n<p>Informations et conseils<br \/><span style=\"text-decoration: underline;\"><a style=\"color: #333333; text-decoration: underline;\" href=\"mailto:consumer@grends.de\"><span style=\"display:inline;unicode-bidi:bidi-override;direction:rtl;\" class=\"\">ed.sdnerg<span style=\"display:none;\">obfsctd-58b22d<\/span>&#64;remusnoc<\/span><\/a><\/span><\/p>\n\t\t\t\t\t\t\t\t<\/div>\n\t\t\t\t<\/div>\n\t\t\t\t\t<\/div>\n\t\t<\/div>\n\t\t\t\t\t<\/div>\n\t\t<\/section>\n\t\t\t\t<section class=\"elementor-section elementor-top-section elementor-element elementor-element-341423a elementor-section-boxed elementor-section-height-default elementor-section-height-default\" data-id=\"341423a\" data-element_type=\"section\" data-e-type=\"section\">\n\t\t\t\t\t\t<div class=\"elementor-container elementor-column-gap-default\">\n\t\t\t\t\t<div class=\"elementor-column elementor-col-100 elementor-top-column elementor-element elementor-element-a021219\" data-id=\"a021219\" data-element_type=\"column\" data-e-type=\"column\">\n\t\t\t<div class=\"elementor-widget-wrap elementor-element-populated\">\n\t\t\t\t\t\t<div class=\"elementor-element elementor-element-b8c0dce elementor-widget-divider--view-line elementor-widget elementor-widget-divider\" data-id=\"b8c0dce\" data-element_type=\"widget\" data-e-type=\"widget\" data-widget_type=\"divider.default\">\n\t\t\t\t<div class=\"elementor-widget-container\">\n\t\t\t\t\t\t\t<div class=\"elementor-divider\">\n\t\t\t<span class=\"elementor-divider-separator\">\n\t\t\t\t\t\t<\/span>\n\t\t<\/div>\n\t\t\t\t\t\t<\/div>\n\t\t\t\t<\/div>\n\t\t\t\t<div class=\"elementor-element elementor-element-63887c6 elementor-position-inline-start elementor-view-default elementor-mobile-position-block-start elementor-widget elementor-widget-icon-box\" data-id=\"63887c6\" data-element_type=\"widget\" data-e-type=\"widget\" data-widget_type=\"icon-box.default\">\n\t\t\t\t<div class=\"elementor-widget-container\">\n\t\t\t\t\t\t\t<div class=\"elementor-icon-box-wrapper\">\n\n\t\t\t\t\t\t<div class=\"elementor-icon-box-icon\">\n\t\t\t\t<span  class=\"elementor-icon\">\n\t\t\t\t<i aria-hidden=\"true\" class=\"fas fa-shield-alt\"><\/i>\t\t\t\t<\/span>\n\t\t\t<\/div>\n\t\t\t\n\t\t\t\t\t\t<div class=\"elementor-icon-box-content\">\n\n\t\t\t\t\t\t\t\t\t<h2 class=\"elementor-icon-box-title\">\n\t\t\t\t\t\t<span  >\n\t\t\t\t\t\t\tL'ASSURANCE DE LA QUALIT\u00c9.\nLA S\u00c9CURIT\u00c9 EST LA NORME \t\t\t\t\t\t<\/span>\n\t\t\t\t\t<\/h2>\n\t\t\t\t\n\t\t\t\t\n\t\t\t<\/div>\n\t\t\t\n\t\t<\/div>\n\t\t\t\t\t\t<\/div>\n\t\t\t\t<\/div>\n\t\t\t\t<div class=\"elementor-element elementor-element-a850e73 elementor-widget elementor-widget-text-editor\" data-id=\"a850e73\" data-element_type=\"widget\" data-e-type=\"widget\" data-widget_type=\"text-editor.default\">\n\t\t\t\t<div class=\"elementor-widget-container\">\n\t\t\t\t\t\t\t\t\t<p><strong>Notre gestion de la qualit\u00e9 garantit que les exigences de nos clients en mati\u00e8re de marque se refl\u00e8tent dans le produit et son emballage, quelle que soit la quantit\u00e9 command\u00e9e ou le prix.<\/strong><\/p><p>Nous nous chargeons de toutes les certifications pertinentes requises au sein de l&rsquo;UE. Par exemple, nous nous assurons que les r\u00e9glementations n\u00e9cessaires au marquage CE et \u00e0 la conformit\u00e9 avec d&rsquo;autres exigences l\u00e9gales sont prises en compte. Nous nous occupons des r\u00e9glementations pertinentes telles que EMV, RoHS, LFGB, PAK ou Reach.<\/p><p>Selon le produit et le groupe cible, cela inclut \u00e9galement des tests T\u00dcV et des certificats GS et, bien s\u00fbr, un contr\u00f4le document\u00e9 du produit avant sa livraison.<\/p>\t\t\t\t\t\t\t\t<\/div>\n\t\t\t\t<\/div>\n\t\t\t\t<div class=\"elementor-element elementor-element-043520e elementor-widget-divider--view-line elementor-widget elementor-widget-divider\" data-id=\"043520e\" data-element_type=\"widget\" data-e-type=\"widget\" data-widget_type=\"divider.default\">\n\t\t\t\t<div class=\"elementor-widget-container\">\n\t\t\t\t\t\t\t<div class=\"elementor-divider\">\n\t\t\t<span class=\"elementor-divider-separator\">\n\t\t\t\t\t\t<\/span>\n\t\t<\/div>\n\t\t\t\t\t\t<\/div>\n\t\t\t\t<\/div>\n\t\t\t\t<div class=\"elementor-element elementor-element-6d8e543 elementor-position-inline-start elementor-view-default elementor-mobile-position-block-start elementor-widget elementor-widget-icon-box\" data-id=\"6d8e543\" data-element_type=\"widget\" data-e-type=\"widget\" data-widget_type=\"icon-box.default\">\n\t\t\t\t<div class=\"elementor-widget-container\">\n\t\t\t\t\t\t\t<div class=\"elementor-icon-box-wrapper\">\n\n\t\t\t\t\t\t<div class=\"elementor-icon-box-icon\">\n\t\t\t\t<span  class=\"elementor-icon\">\n\t\t\t\t<i aria-hidden=\"true\" class=\"fas fa-link\"><\/i>\t\t\t\t<\/span>\n\t\t\t<\/div>\n\t\t\t\n\t\t\t\t\t\t<div class=\"elementor-icon-box-content\">\n\n\t\t\t\t\t\t\t\t\t<h2 class=\"elementor-icon-box-title\">\n\t\t\t\t\t\t<span  >\n\t\t\t\t\t\t\tles fournisseurs.\nLa confiance par la responsabilit\u00e9 \t\t\t\t\t\t<\/span>\n\t\t\t\t\t<\/h2>\n\t\t\t\t\n\t\t\t\t\n\t\t\t<\/div>\n\t\t\t\n\t\t<\/div>\n\t\t\t\t\t\t<\/div>\n\t\t\t\t<\/div>\n\t\t\t\t<div class=\"elementor-element elementor-element-00bfcf1 elementor-widget elementor-widget-text-editor\" data-id=\"00bfcf1\" data-element_type=\"widget\" data-e-type=\"widget\" data-widget_type=\"text-editor.default\">\n\t\t\t\t<div class=\"elementor-widget-container\">\n\t\t\t\t\t\t\t\t\t<p><strong>Nous sommes membres de la BSCI amfori, qui garantit le respect de normes sociales minimales consid\u00e9r\u00e9es comme allant de soi en Allemagne, tout au long du processus de fabrication et de la cha\u00eene d&rsquo;approvisionnement.<\/strong><\/p><p>Nous r\u00e9alisons la plupart de nos produits avec des fournisseurs situ\u00e9s \u00e0 l&rsquo;\u00e9tranger, de l&rsquo;Europe \u00e0 la Chine. En entretenant des relations commerciales personnelles, en effectuant des visites sur place et, bien entendu, en r\u00e9alisant r\u00e9guli\u00e8rement des audits, nous nous assurons que nos fournisseurs agissent de mani\u00e8re responsable vis-\u00e0-vis des personnes et de l&rsquo;environnement.<\/p>\t\t\t\t\t\t\t\t<\/div>\n\t\t\t\t<\/div>\n\t\t\t\t<div class=\"elementor-element elementor-element-612ec13 elementor-widget-divider--view-line elementor-widget elementor-widget-divider\" data-id=\"612ec13\" data-element_type=\"widget\" data-e-type=\"widget\" data-widget_type=\"divider.default\">\n\t\t\t\t<div class=\"elementor-widget-container\">\n\t\t\t\t\t\t\t<div class=\"elementor-divider\">\n\t\t\t<span class=\"elementor-divider-separator\">\n\t\t\t\t\t\t<\/span>\n\t\t<\/div>\n\t\t\t\t\t\t<\/div>\n\t\t\t\t<\/div>\n\t\t\t\t<div class=\"elementor-element elementor-element-901771a elementor-position-inline-start elementor-view-default elementor-mobile-position-block-start elementor-widget elementor-widget-icon-box\" data-id=\"901771a\" data-element_type=\"widget\" data-e-type=\"widget\" data-widget_type=\"icon-box.default\">\n\t\t\t\t<div class=\"elementor-widget-container\">\n\t\t\t\t\t\t\t<div class=\"elementor-icon-box-wrapper\">\n\n\t\t\t\t\t\t<div class=\"elementor-icon-box-icon\">\n\t\t\t\t<span  class=\"elementor-icon\">\n\t\t\t\t<i aria-hidden=\"true\" class=\"fas fa-globe\"><\/i>\t\t\t\t<\/span>\n\t\t\t<\/div>\n\t\t\t\n\t\t\t\t\t\t<div class=\"elementor-icon-box-content\">\n\n\t\t\t\t\t\t\t\t\t<h2 class=\"elementor-icon-box-title\">\n\t\t\t\t\t\t<span  >\n\t\t\t\t\t\t\tLa logistique.\nJuste \u00e0 temps dans le monde entier \t\t\t\t\t\t<\/span>\n\t\t\t\t\t<\/h2>\n\t\t\t\t\n\t\t\t\t\n\t\t\t<\/div>\n\t\t\t\n\t\t<\/div>\n\t\t\t\t\t\t<\/div>\n\t\t\t\t<\/div>\n\t\t\t\t<div class=\"elementor-element elementor-element-e37fdac elementor-widget elementor-widget-text-editor\" data-id=\"e37fdac\" data-element_type=\"widget\" data-e-type=\"widget\" data-widget_type=\"text-editor.default\">\n\t\t\t\t<div class=\"elementor-widget-container\">\n\t\t\t\t\t\t\t\t\t<p><strong>La gestion fiable de la cha\u00eene d&rsquo;approvisionnement est un facteur cl\u00e9 de la r\u00e9ussite globale d&rsquo;un projet &#8211; un d\u00e9fi que nous sommes heureux de relever pour nos clients.<\/strong><\/p><p>Des relations commerciales de longue date avec des partenaires logistiques permettent une livraison ponctuelle des marchandises depuis les pays de production par bateau, par avion et par transporteur. Une gestion prudente des stocks garantit \u00e0 nos clients une grande disponibilit\u00e9 des marchandises. Des coll\u00e8gues exp\u00e9riment\u00e9s s&rsquo;occupent des formalit\u00e9s douani\u00e8res avec le savoir-faire le plus r\u00e9cent, r\u00e8glent les dommages dus au transport, g\u00e8rent l&rsquo;exp\u00e9dition des livraisons B-to-C dans les 24 heures et s&rsquo;occupent \u00e9galement de la gestion des retours si vous le souhaitez.<\/p>\t\t\t\t\t\t\t\t<\/div>\n\t\t\t\t<\/div>\n\t\t\t\t<div class=\"elementor-element elementor-element-6bc8590 elementor-widget-divider--view-line elementor-widget elementor-widget-divider\" data-id=\"6bc8590\" data-element_type=\"widget\" data-e-type=\"widget\" data-widget_type=\"divider.default\">\n\t\t\t\t<div class=\"elementor-widget-container\">\n\t\t\t\t\t\t\t<div class=\"elementor-divider\">\n\t\t\t<span class=\"elementor-divider-separator\">\n\t\t\t\t\t\t<\/span>\n\t\t<\/div>\n\t\t\t\t\t\t<\/div>\n\t\t\t\t<\/div>\n\t\t\t\t<div class=\"elementor-element elementor-element-bdd6ea4 elementor-position-inline-start elementor-view-default elementor-mobile-position-block-start elementor-widget elementor-widget-icon-box\" data-id=\"bdd6ea4\" data-element_type=\"widget\" data-e-type=\"widget\" data-widget_type=\"icon-box.default\">\n\t\t\t\t<div class=\"elementor-widget-container\">\n\t\t\t\t\t\t\t<div class=\"elementor-icon-box-wrapper\">\n\n\t\t\t\t\t\t<div class=\"elementor-icon-box-icon\">\n\t\t\t\t<span  class=\"elementor-icon\">\n\t\t\t\t<i aria-hidden=\"true\" class=\"fas fa-phone-volume\"><\/i>\t\t\t\t<\/span>\n\t\t\t<\/div>\n\t\t\t\n\t\t\t\t\t\t<div class=\"elementor-icon-box-content\">\n\n\t\t\t\t\t\t\t\t\t<h2 class=\"elementor-icon-box-title\">\n\t\t\t\t\t\t<span  >\n\t\t\t\t\t\t\tLe service apr\u00e8s-vente.\nDes pi\u00e8ces de rechange et des hotlines \t\t\t\t\t\t<\/span>\n\t\t\t\t\t<\/h2>\n\t\t\t\t\n\t\t\t\t\n\t\t\t<\/div>\n\t\t\t\n\t\t<\/div>\n\t\t\t\t\t\t<\/div>\n\t\t\t\t<\/div>\n\t\t\t\t<div class=\"elementor-element elementor-element-345a4d3 elementor-widget elementor-widget-text-editor\" data-id=\"345a4d3\" data-element_type=\"widget\" data-e-type=\"widget\" data-widget_type=\"text-editor.default\">\n\t\t\t\t<div class=\"elementor-widget-container\">\n\t\t\t\t\t\t\t\t\t<p><strong>Pour nous, le service commence vraiment avec la livraison des marchandises, car c&rsquo;est \u00e0 ce moment-l\u00e0 qu&rsquo;un projet r\u00e9v\u00e8le ses aspects les plus exigeants, que nous traitons avec dynamisme et sensibilit\u00e9.<\/strong><\/p><p>Pour le commerce en ligne, la gestion des retours est de plus en plus importante, et pour de nombreux clients, la disponibilit\u00e9 des pi\u00e8ces d\u00e9tach\u00e9es est de plus en plus importante, \u00e0 la fois pour g\u00e9n\u00e9rer des revenus suppl\u00e9mentaires et pour des raisons de durabilit\u00e9. D&rsquo;autres clients souhaitent un support client par t\u00e9l\u00e9phone pour les produits n\u00e9cessitant des explications &#8211; les exigences en mati\u00e8re de prestations et de niveau de service sont tr\u00e8s diff\u00e9rentes.<\/p><p>Ils ont tous un point commun : nous nous en occupons et mettons en place le package \u00ab\u00a0tout compris\u00a0\u00bb adapt\u00e9 \u00e0 chaque projet.<\/p>\t\t\t\t\t\t\t\t<\/div>\n\t\t\t\t<\/div>\n\t\t\t\t\t<\/div>\n\t\t<\/div>\n\t\t\t\t\t<\/div>\n\t\t<\/section>\n\t\t\t\t<\/div>\n\t\t","protected":false},"excerpt":{"rendered":"<p>Nos services Id\u00e9es de produits. La tendance rencontre la marque La vie peut \u00eatre si facile. Avec des partenaires qui reconnaissent aujourd&rsquo;hui ce qui sera la tendance de demain, qui connaissent ce qui a fait ses preuves, mais qui continuent \u00e0 innover avec passion. C&rsquo;est exactement ce que fait notre \u00e9quipe de gestion des produits [&hellip;]<\/p>\n","protected":false},"author":3,"featured_media":1095,"parent":0,"menu_order":2,"comment_status":"closed","ping_status":"closed","template":"","meta":{"_seopress_robots_primary_cat":"","_seopress_titles_title":"","_seopress_titles_desc":"","_seopress_robots_index":"","footnotes":""},"class_list":["post-1092","page","type-page","status-publish","has-post-thumbnail","hentry"],"_links":{"self":[{"href":"https:\/\/www.grends.de\/fr\/wp-json\/wp\/v2\/pages\/1092","targetHints":{"allow":["GET"]}}],"collection":[{"href":"https:\/\/www.grends.de\/fr\/wp-json\/wp\/v2\/pages"}],"about":[{"href":"https:\/\/www.grends.de\/fr\/wp-json\/wp\/v2\/types\/page"}],"author":[{"embeddable":true,"href":"https:\/\/www.grends.de\/fr\/wp-json\/wp\/v2\/users\/3"}],"replies":[{"embeddable":true,"href":"https:\/\/www.grends.de\/fr\/wp-json\/wp\/v2\/comments?post=1092"}],"version-history":[{"count":9,"href":"https:\/\/www.grends.de\/fr\/wp-json\/wp\/v2\/pages\/1092\/revisions"}],"predecessor-version":[{"id":1493,"href":"https:\/\/www.grends.de\/fr\/wp-json\/wp\/v2\/pages\/1092\/revisions\/1493"}],"wp:featuredmedia":[{"embeddable":true,"href":"https:\/\/www.grends.de\/fr\/wp-json\/wp\/v2\/media\/1095"}],"wp:attachment":[{"href":"https:\/\/www.grends.de\/fr\/wp-json\/wp\/v2\/media?parent=1092"}],"curies":[{"name":"wp","href":"https:\/\/api.w.org\/{rel}","templated":true}]}}