{"id":1147,"date":"2024-08-14T15:34:29","date_gmt":"2024-08-14T13:34:29","guid":{"rendered":"https:\/\/www.grends.de\/clients\/"},"modified":"2024-08-15T11:38:05","modified_gmt":"2024-08-15T09:38:05","slug":"clients","status":"publish","type":"page","link":"https:\/\/www.grends.de\/fr\/b2b\/clients\/","title":{"rendered":"Clients"},"content":{"rendered":"\t\t<div data-elementor-type=\"wp-page\" data-elementor-id=\"1147\" class=\"elementor elementor-1147 elementor-90\" data-elementor-post-type=\"page\">\n\t\t\t\t\t\t<section class=\"elementor-section elementor-top-section elementor-element elementor-element-a0d7b38 elementor-section-boxed elementor-section-height-default elementor-section-height-default\" data-id=\"a0d7b38\" data-element_type=\"section\" data-e-type=\"section\" data-settings=\"{&quot;background_background&quot;:&quot;classic&quot;}\">\n\t\t\t\t\t\t<div class=\"elementor-container elementor-column-gap-default\">\n\t\t\t\t\t<div class=\"elementor-column elementor-col-100 elementor-top-column elementor-element elementor-element-4621a8d\" data-id=\"4621a8d\" data-element_type=\"column\" data-e-type=\"column\">\n\t\t\t<div class=\"elementor-widget-wrap elementor-element-populated\">\n\t\t\t\t\t\t<div class=\"elementor-element elementor-element-3024a47 elementor-widget elementor-widget-heading\" data-id=\"3024a47\" data-element_type=\"widget\" data-e-type=\"widget\" data-widget_type=\"heading.default\">\n\t\t\t\t<div class=\"elementor-widget-container\">\n\t\t\t\t\t<h1 class=\"elementor-heading-title elementor-size-default\">Nos clients<\/h1>\t\t\t\t<\/div>\n\t\t\t\t<\/div>\n\t\t\t\t\t<\/div>\n\t\t<\/div>\n\t\t\t\t\t<\/div>\n\t\t<\/section>\n\t\t\t\t<section class=\"elementor-section elementor-top-section elementor-element elementor-element-d4f37c6 elementor-section-boxed elementor-section-height-default elementor-section-height-default\" data-id=\"d4f37c6\" data-element_type=\"section\" data-e-type=\"section\">\n\t\t\t\t\t\t<div class=\"elementor-container elementor-column-gap-default\">\n\t\t\t\t\t<div class=\"elementor-column elementor-col-100 elementor-top-column elementor-element elementor-element-b44dee4\" data-id=\"b44dee4\" data-element_type=\"column\" data-e-type=\"column\">\n\t\t\t<div class=\"elementor-widget-wrap elementor-element-populated\">\n\t\t\t\t\t\t<div class=\"elementor-element elementor-element-c9dfd79 elementor-widget elementor-widget-heading\" data-id=\"c9dfd79\" data-element_type=\"widget\" data-e-type=\"widget\" data-widget_type=\"heading.default\">\n\t\t\t\t<div class=\"elementor-widget-container\">\n\t\t\t\t\t<h2 class=\"elementor-heading-title elementor-size-default\">Une grande polyvalence.\nUne preuve de flexibilit\u00e9. <\/h2>\t\t\t\t<\/div>\n\t\t\t\t<\/div>\n\t\t\t\t<div class=\"elementor-element elementor-element-c1ab864 elementor-widget elementor-widget-text-editor\" data-id=\"c1ab864\" data-element_type=\"widget\" data-e-type=\"widget\" data-widget_type=\"text-editor.default\">\n\t\t\t\t<div class=\"elementor-widget-container\">\n\t\t\t\t\t\t\t\t\t<p>Notre client\u00e8le repr\u00e9sente l&rsquo;ensemble du paysage commercial des biens de consommation dans le secteur non alimentaire. Du d\u00e9taillant sp\u00e9cialis\u00e9 et bien approvisionn\u00e9 aux grands acteurs de la distribution alimentaire, en passant par les groupements d&rsquo;achat et les grands magasins ou les programmes de bonus et de fid\u00e9lisation et les boutiques en ligne.\u00a0<span style=\"font-size: 1rem;\">Nos clients r\u00e9alisent avec nous des produits pour leurs propres marques, cr\u00e9ent des fen\u00eatres th\u00e9matiques avec une vaste s\u00e9lection de produits ou trouvent parmi les produits de nos marques des compl\u00e9ments de gamme judicieux et rentables &#8211; la liste des possibilit\u00e9s est longue.<\/span><\/p>\t\t\t\t\t\t\t\t<\/div>\n\t\t\t\t<\/div>\n\t\t\t\t<div class=\"elementor-element elementor-element-11bf698 elementor-widget elementor-widget-heading\" data-id=\"11bf698\" data-element_type=\"widget\" data-e-type=\"widget\" data-widget_type=\"heading.default\">\n\t\t\t\t<div class=\"elementor-widget-container\">\n\t\t\t\t\t<h2 class=\"elementor-heading-title elementor-size-default\">R\u00e9f\u00e9rences de la soci\u00e9t\u00e9 : La discr\u00e9tion hans\u00e9atique<\/h2>\t\t\t\t<\/div>\n\t\t\t\t<\/div>\n\t\t\t\t<div class=\"elementor-element elementor-element-0031096 elementor-widget elementor-widget-text-editor\" data-id=\"0031096\" data-element_type=\"widget\" data-e-type=\"widget\" data-widget_type=\"text-editor.default\">\n\t\t\t\t<div class=\"elementor-widget-container\">\n\t\t\t\t\t\t\t\t\t<p>Nous sommes fiers de nos relations durables et solides avec nos clients. Et c&rsquo;est pourquoi nous n&rsquo;en parlons pas. Car ces liens sont empreints de confiance et de loyaut\u00e9. Ceux qui connaissent le secteur le savent : un bon fournisseur fiable est pour nos clients un avantage concurrentiel qui leur donne une longueur d&rsquo;avance.\u00a0<span style=\"font-size: 1rem;\">Nous aimons garder un tel compliment secret.<\/span><\/p>\t\t\t\t\t\t\t\t<\/div>\n\t\t\t\t<\/div>\n\t\t\t\t\t<\/div>\n\t\t<\/div>\n\t\t\t\t\t<\/div>\n\t\t<\/section>\n\t\t\t\t<\/div>\n\t\t","protected":false},"excerpt":{"rendered":"<p>Nos clients Une grande polyvalence. Une preuve de flexibilit\u00e9. Notre client\u00e8le repr\u00e9sente l&rsquo;ensemble du paysage commercial des biens de consommation dans le secteur non alimentaire. Du d\u00e9taillant sp\u00e9cialis\u00e9 et bien approvisionn\u00e9 aux grands acteurs de la distribution alimentaire, en passant par les groupements d&rsquo;achat et les grands magasins ou les programmes de bonus et de [&hellip;]<\/p>\n","protected":false},"author":3,"featured_media":1148,"parent":1092,"menu_order":3,"comment_status":"closed","ping_status":"closed","template":"","meta":{"_seopress_robots_primary_cat":"","_seopress_titles_title":"","_seopress_titles_desc":"","_seopress_robots_index":"","footnotes":""},"class_list":["post-1147","page","type-page","status-publish","has-post-thumbnail","hentry"],"ase":null,"_links":{"self":[{"href":"https:\/\/www.grends.de\/fr\/wp-json\/wp\/v2\/pages\/1147","targetHints":{"allow":["GET"]}}],"collection":[{"href":"https:\/\/www.grends.de\/fr\/wp-json\/wp\/v2\/pages"}],"about":[{"href":"https:\/\/www.grends.de\/fr\/wp-json\/wp\/v2\/types\/page"}],"author":[{"embeddable":true,"href":"https:\/\/www.grends.de\/fr\/wp-json\/wp\/v2\/users\/3"}],"replies":[{"embeddable":true,"href":"https:\/\/www.grends.de\/fr\/wp-json\/wp\/v2\/comments?post=1147"}],"version-history":[{"count":14,"href":"https:\/\/www.grends.de\/fr\/wp-json\/wp\/v2\/pages\/1147\/revisions"}],"predecessor-version":[{"id":1644,"href":"https:\/\/www.grends.de\/fr\/wp-json\/wp\/v2\/pages\/1147\/revisions\/1644"}],"up":[{"embeddable":true,"href":"https:\/\/www.grends.de\/fr\/wp-json\/wp\/v2\/pages\/1092"}],"wp:featuredmedia":[{"embeddable":true,"href":"https:\/\/www.grends.de\/fr\/wp-json\/wp\/v2\/media\/1148"}],"wp:attachment":[{"href":"https:\/\/www.grends.de\/fr\/wp-json\/wp\/v2\/media?parent=1147"}],"curies":[{"name":"wp","href":"https:\/\/api.w.org\/{rel}","templated":true}]}}