{"id":1170,"date":"2024-08-14T15:34:30","date_gmt":"2024-08-14T13:34:30","guid":{"rendered":"https:\/\/www.grends.de\/marques\/"},"modified":"2024-08-15T10:45:42","modified_gmt":"2024-08-15T08:45:42","slug":"marques","status":"publish","type":"page","link":"https:\/\/www.grends.de\/fr\/marques\/","title":{"rendered":"Marques"},"content":{"rendered":"\t\t<div data-elementor-type=\"wp-page\" data-elementor-id=\"1170\" class=\"elementor elementor-1170 elementor-340\" data-elementor-post-type=\"page\">\n\t\t\t\t\t\t<section class=\"elementor-section elementor-top-section elementor-element elementor-element-51a95b9 elementor-section-stretched elementor-section-boxed elementor-section-height-default elementor-section-height-default\" data-id=\"51a95b9\" data-element_type=\"section\" data-e-type=\"section\" data-settings=\"{&quot;background_background&quot;:&quot;classic&quot;,&quot;stretch_section&quot;:&quot;section-stretched&quot;}\">\n\t\t\t\t\t\t<div class=\"elementor-container elementor-column-gap-no\">\n\t\t\t\t\t<div class=\"elementor-column elementor-col-100 elementor-top-column elementor-element elementor-element-3ef2ac8\" data-id=\"3ef2ac8\" data-element_type=\"column\" data-e-type=\"column\">\n\t\t\t<div class=\"elementor-widget-wrap elementor-element-populated\">\n\t\t\t\t\t\t<div class=\"elementor-element elementor-element-a546ec7 elementor-widget elementor-widget-text-editor\" data-id=\"a546ec7\" data-element_type=\"widget\" data-e-type=\"widget\" data-widget_type=\"text-editor.default\">\n\t\t\t\t<div class=\"elementor-widget-container\">\n\t\t\t\t\t\t\t\t\t<h3><span style=\"color: #ffffff;\"><strong>Avec succ\u00e8s.<\/strong><\/span><\/h3>\n\t\t\t\t\t\t\t\t<\/div>\n\t\t\t\t<\/div>\n\t\t\t\t<div class=\"elementor-element elementor-element-4340553 elementor-widget__width-initial elementor-widget elementor-widget-heading\" data-id=\"4340553\" data-element_type=\"widget\" data-e-type=\"widget\" data-widget_type=\"heading.default\">\n\t\t\t\t<div class=\"elementor-widget-container\">\n\t\t\t\t\t<h1 class=\"elementor-heading-title elementor-size-default\">Faciliter la vie.<\/h1>\t\t\t\t<\/div>\n\t\t\t\t<\/div>\n\t\t\t\t\t<\/div>\n\t\t<\/div>\n\t\t\t\t\t<\/div>\n\t\t<\/section>\n\t\t\t\t<section class=\"elementor-section elementor-top-section elementor-element elementor-element-ac975d5 elementor-section-boxed elementor-section-height-default elementor-section-height-default\" data-id=\"ac975d5\" data-element_type=\"section\" data-e-type=\"section\">\n\t\t\t\t\t\t<div class=\"elementor-container elementor-column-gap-default\">\n\t\t\t\t\t<div class=\"elementor-column elementor-col-100 elementor-top-column elementor-element elementor-element-c1259c2\" data-id=\"c1259c2\" data-element_type=\"column\" data-e-type=\"column\">\n\t\t\t<div class=\"elementor-widget-wrap elementor-element-populated\">\n\t\t\t\t\t\t<div class=\"elementor-element elementor-element-5bd31ec elementor-widget elementor-widget-heading\" data-id=\"5bd31ec\" data-element_type=\"widget\" data-e-type=\"widget\" data-widget_type=\"heading.default\">\n\t\t\t\t<div class=\"elementor-widget-container\">\n\t\t\t\t\t<h2 class=\"elementor-heading-title elementor-size-default\">Biens de consommation non alimentaires<\/h2>\t\t\t\t<\/div>\n\t\t\t\t<\/div>\n\t\t\t\t\t<\/div>\n\t\t<\/div>\n\t\t\t\t\t<\/div>\n\t\t<\/section>\n\t\t\t\t<section class=\"elementor-section elementor-top-section elementor-element elementor-element-c4ea52c elementor-reverse-tablet elementor-reverse-mobile elementor-section-boxed elementor-section-height-default elementor-section-height-default\" data-id=\"c4ea52c\" data-element_type=\"section\" data-e-type=\"section\">\n\t\t\t\t\t\t<div class=\"elementor-container elementor-column-gap-default\">\n\t\t\t\t\t<div class=\"elementor-column elementor-col-66 elementor-top-column elementor-element elementor-element-c37b6eb\" data-id=\"c37b6eb\" data-element_type=\"column\" data-e-type=\"column\">\n\t\t\t<div class=\"elementor-widget-wrap elementor-element-populated\">\n\t\t\t\t\t\t<div class=\"elementor-element elementor-element-4ae5fc1 elementor-widget elementor-widget-text-editor\" data-id=\"4ae5fc1\" data-element_type=\"widget\" data-e-type=\"widget\" data-widget_type=\"text-editor.default\">\n\t\t\t\t<div class=\"elementor-widget-container\">\n\t\t\t\t\t\t\t\t\t<p><strong>L&rsquo;esprit du temps et la chronologie. Qualit\u00e9 et service. <\/strong> Si une bonne id\u00e9e se transforme en succ\u00e8s commercial et que nos clients n&rsquo;ont eu \u00e0 s&rsquo;occuper de presque rien, nous avons atteint notre objectif. Depuis plus de 15 ans, nous soutenons le secteur des biens de consommation en tant que d\u00e9couvreur de tendances, dans le sourcing, le lancement et le service apr\u00e8s-vente de marchandises. Nous le faisons avec des produits qui correspondent \u00e0 l&rsquo;esprit du temps et une qualit\u00e9 qui inspire confiance &#8211; avec nos propres marques ou en tant que fournisseur OEM, pour le commerce stationnaire comme pour le canal en ligne.<\/p>\t\t\t\t\t\t\t\t<\/div>\n\t\t\t\t<\/div>\n\t\t\t\t\t<\/div>\n\t\t<\/div>\n\t\t\t\t<div class=\"elementor-column elementor-col-33 elementor-top-column elementor-element elementor-element-75e3c38\" data-id=\"75e3c38\" data-element_type=\"column\" data-e-type=\"column\">\n\t\t\t<div class=\"elementor-widget-wrap elementor-element-populated\">\n\t\t\t\t\t\t<div class=\"elementor-element elementor-element-6469372 elementor-icon-list--layout-traditional elementor-list-item-link-full_width elementor-widget elementor-widget-icon-list\" data-id=\"6469372\" data-element_type=\"widget\" data-e-type=\"widget\" data-widget_type=\"icon-list.default\">\n\t\t\t\t<div class=\"elementor-widget-container\">\n\t\t\t\t\t\t\t<ul class=\"elementor-icon-list-items\">\n\t\t\t\t\t\t\t<li class=\"elementor-icon-list-item\">\n\t\t\t\t\t\t\t\t\t\t\t<a href=\"#marques\">\n\n\t\t\t\t\t\t\t\t\t\t\t\t<span class=\"elementor-icon-list-icon\">\n\t\t\t\t\t\t\t<i aria-hidden=\"true\" class=\"fas fa-chevron-circle-right\"><\/i>\t\t\t\t\t\t<\/span>\n\t\t\t\t\t\t\t\t\t\t<span class=\"elementor-icon-list-text\">Marques &amp; produits<\/span>\n\t\t\t\t\t\t\t\t\t\t\t<\/a>\n\t\t\t\t\t\t\t\t\t<\/li>\n\t\t\t\t\t\t\t\t<li class=\"elementor-icon-list-item\">\n\t\t\t\t\t\t\t\t\t\t\t<a href=\"\/fr\/b2b\">\n\n\t\t\t\t\t\t\t\t\t\t\t\t<span class=\"elementor-icon-list-icon\">\n\t\t\t\t\t\t\t<i aria-hidden=\"true\" class=\"fas fa-chevron-circle-right\"><\/i>\t\t\t\t\t\t<\/span>\n\t\t\t\t\t\t\t\t\t\t<span class=\"elementor-icon-list-text\">B2B<\/span>\n\t\t\t\t\t\t\t\t\t\t\t<\/a>\n\t\t\t\t\t\t\t\t\t<\/li>\n\t\t\t\t\t\t\t\t<li class=\"elementor-icon-list-item\">\n\t\t\t\t\t\t\t\t\t\t\t<a href=\"\/fr\/clients\">\n\n\t\t\t\t\t\t\t\t\t\t\t\t<span class=\"elementor-icon-list-icon\">\n\t\t\t\t\t\t\t<i aria-hidden=\"true\" class=\"fas fa-chevron-circle-right\"><\/i>\t\t\t\t\t\t<\/span>\n\t\t\t\t\t\t\t\t\t\t<span class=\"elementor-icon-list-text\">Clients<\/span>\n\t\t\t\t\t\t\t\t\t\t\t<\/a>\n\t\t\t\t\t\t\t\t\t<\/li>\n\t\t\t\t\t\t<\/ul>\n\t\t\t\t\t\t<\/div>\n\t\t\t\t<\/div>\n\t\t\t\t\t<\/div>\n\t\t<\/div>\n\t\t\t\t\t<\/div>\n\t\t<\/section>\n\t\t\t\t<section class=\"elementor-section elementor-top-section elementor-element elementor-element-b7e1ae5 elementor-section-boxed elementor-section-height-default elementor-section-height-default\" data-id=\"b7e1ae5\" data-element_type=\"section\" data-e-type=\"section\">\n\t\t\t\t\t\t<div class=\"elementor-container elementor-column-gap-default\">\n\t\t\t\t\t<div class=\"elementor-column elementor-col-100 elementor-top-column elementor-element elementor-element-3f358cd\" data-id=\"3f358cd\" data-element_type=\"column\" data-e-type=\"column\">\n\t\t\t<div class=\"elementor-widget-wrap elementor-element-populated\">\n\t\t\t\t\t\t<div class=\"elementor-element elementor-element-3e05535 elementor-widget elementor-widget-menu-anchor\" data-id=\"3e05535\" data-element_type=\"widget\" data-e-type=\"widget\" data-widget_type=\"menu-anchor.default\">\n\t\t\t\t<div class=\"elementor-widget-container\">\n\t\t\t\t\t\t\t<div class=\"elementor-menu-anchor\" id=\"marques\"><\/div>\n\t\t\t\t\t\t<\/div>\n\t\t\t\t<\/div>\n\t\t\t\t<div class=\"elementor-element elementor-element-9fbadd8 elementor-widget elementor-widget-heading\" data-id=\"9fbadd8\" data-element_type=\"widget\" data-e-type=\"widget\" data-widget_type=\"heading.default\">\n\t\t\t\t<div class=\"elementor-widget-container\">\n\t\t\t\t\t<h2 class=\"elementor-heading-title elementor-size-default\">Marques &amp; produits<\/h2>\t\t\t\t<\/div>\n\t\t\t\t<\/div>\n\t\t\t\t\t<\/div>\n\t\t<\/div>\n\t\t\t\t\t<\/div>\n\t\t<\/section>\n\t\t\t\t<section class=\"elementor-section elementor-top-section elementor-element elementor-element-8a5d995 elementor-section-boxed elementor-section-height-default elementor-section-height-default\" data-id=\"8a5d995\" data-element_type=\"section\" data-e-type=\"section\">\n\t\t\t\t\t\t<div class=\"elementor-container elementor-column-gap-default\">\n\t\t\t\t\t<div class=\"elementor-column elementor-col-100 elementor-top-column elementor-element elementor-element-f0ac806\" data-id=\"f0ac806\" data-element_type=\"column\" data-e-type=\"column\">\n\t\t\t<div class=\"elementor-widget-wrap elementor-element-populated\">\n\t\t\t\t\t\t<div class=\"elementor-element elementor-element-2f0d725 elementor-widget elementor-widget-image\" data-id=\"2f0d725\" data-element_type=\"widget\" data-e-type=\"widget\" data-widget_type=\"image.default\">\n\t\t\t\t<div class=\"elementor-widget-container\">\n\t\t\t\t\t\t\t\t\t\t\t\t\t\t\t\t<a href=\"https:\/\/ade-home.de\/\" target=\"_blank\">\n\t\t\t\t\t\t\t<img fetchpriority=\"high\" decoding=\"async\" width=\"500\" height=\"177\" src=\"https:\/\/www.grends.de\/wp-content\/uploads\/2024\/08\/Grends-Marken-ADE.png\" class=\"attachment-large size-large wp-image-1172\" alt=\"\" srcset=\"https:\/\/www.grends.de\/wp-content\/uploads\/2024\/08\/Grends-Marken-ADE.png 500w, https:\/\/www.grends.de\/wp-content\/uploads\/2024\/08\/Grends-Marken-ADE-300x106.png 300w, https:\/\/www.grends.de\/wp-content\/uploads\/2024\/08\/Grends-Marken-ADE-150x53.png 150w\" sizes=\"(max-width: 500px) 100vw, 500px\" \/>\t\t\t\t\t\t\t\t<\/a>\n\t\t\t\t\t\t\t\t\t\t\t\t\t\t\t<\/div>\n\t\t\t\t<\/div>\n\t\t\t\t\t<\/div>\n\t\t<\/div>\n\t\t\t\t\t<\/div>\n\t\t<\/section>\n\t\t\t\t<section class=\"elementor-section elementor-top-section elementor-element elementor-element-1dbcc84 elementor-section-boxed elementor-section-height-default elementor-section-height-default\" data-id=\"1dbcc84\" data-element_type=\"section\" data-e-type=\"section\">\n\t\t\t\t\t\t<div class=\"elementor-container elementor-column-gap-default\">\n\t\t\t\t\t<div class=\"elementor-column elementor-col-50 elementor-top-column elementor-element elementor-element-2bf696c\" data-id=\"2bf696c\" data-element_type=\"column\" data-e-type=\"column\">\n\t\t\t<div class=\"elementor-widget-wrap elementor-element-populated\">\n\t\t\t\t\t\t<div class=\"elementor-element elementor-element-13693af elementor-widget elementor-widget-heading\" data-id=\"13693af\" data-element_type=\"widget\" data-e-type=\"widget\" data-widget_type=\"heading.default\">\n\t\t\t\t<div class=\"elementor-widget-container\">\n\t\t\t\t\t<h3 class=\"elementor-heading-title elementor-size-default\">Passion pour la maison.<\/h3>\t\t\t\t<\/div>\n\t\t\t\t<\/div>\n\t\t\t\t<div class=\"elementor-element elementor-element-03e407b elementor-widget elementor-widget-text-editor\" data-id=\"03e407b\" data-element_type=\"widget\" data-e-type=\"widget\" data-widget_type=\"text-editor.default\">\n\t\t\t\t<div class=\"elementor-widget-container\">\n\t\t\t\t\t\t\t\t\t<p>Les clients exigeants de la gastronomie, de l&rsquo;industrie et de la m\u00e9decine font confiance aux balances, machines et appareils de mesure du fabricant traditionnel ADE. La marque ADE propose \u00e9galement pour les m\u00e9nages priv\u00e9s et le bien-\u00eatre personnel des produits qui apportent fra\u00eecheur, plaisir et joie de vivre : Des ustensiles de cuisine, du trancheur universel exclusif au hachoir \u00e0 viande, des balances et des aides culinaires, des p\u00e8se-personnes et des balances d&rsquo;analyse corporelle pour la salle de bain, des purificateurs d&rsquo;air et des humidificateurs d&rsquo;air pour une maison &#8211; inspir\u00e9e par les professionnels.<\/p><p>Plus d&rsquo;infos et faire du shopping sur<strong> <span style=\"text-decoration: underline;\"><a href=\"https:\/\/ade-home.de\/\" target=\"_blank\" rel=\"noopener\">ade-home.de<\/a><\/span><\/strong><\/p>\t\t\t\t\t\t\t\t<\/div>\n\t\t\t\t<\/div>\n\t\t\t\t\t<\/div>\n\t\t<\/div>\n\t\t\t\t<div class=\"elementor-column elementor-col-50 elementor-top-column elementor-element elementor-element-c4381a2\" data-id=\"c4381a2\" data-element_type=\"column\" data-e-type=\"column\">\n\t\t\t<div class=\"elementor-widget-wrap elementor-element-populated\">\n\t\t\t\t\t\t<div class=\"elementor-element elementor-element-030e382 elementor-widget elementor-widget-image\" data-id=\"030e382\" data-element_type=\"widget\" data-e-type=\"widget\" data-widget_type=\"image.default\">\n\t\t\t\t<div class=\"elementor-widget-container\">\n\t\t\t\t\t\t\t\t\t\t\t\t\t\t\t<img decoding=\"async\" width=\"500\" height=\"500\" src=\"https:\/\/www.grends.de\/wp-content\/uploads\/2024\/08\/Grends-Marken-ADE-Produkte.png\" class=\"attachment-medium_large size-medium_large wp-image-1174\" alt=\"\" srcset=\"https:\/\/www.grends.de\/wp-content\/uploads\/2024\/08\/Grends-Marken-ADE-Produkte.png 500w, https:\/\/www.grends.de\/wp-content\/uploads\/2024\/08\/Grends-Marken-ADE-Produkte-300x300.png 300w, https:\/\/www.grends.de\/wp-content\/uploads\/2024\/08\/Grends-Marken-ADE-Produkte-150x150.png 150w\" sizes=\"(max-width: 500px) 100vw, 500px\" \/>\t\t\t\t\t\t\t\t\t\t\t\t\t\t\t<\/div>\n\t\t\t\t<\/div>\n\t\t\t\t\t<\/div>\n\t\t<\/div>\n\t\t\t\t\t<\/div>\n\t\t<\/section>\n\t\t\t\t<section class=\"elementor-section elementor-top-section elementor-element elementor-element-9272feb elementor-section-boxed elementor-section-height-default elementor-section-height-default\" data-id=\"9272feb\" data-element_type=\"section\" data-e-type=\"section\">\n\t\t\t\t\t\t\t<div class=\"elementor-background-overlay\"><\/div>\n\t\t\t\t\t\t\t<div class=\"elementor-container elementor-column-gap-default\">\n\t\t\t\t\t<div class=\"elementor-column elementor-col-100 elementor-top-column elementor-element elementor-element-2c4c597\" data-id=\"2c4c597\" data-element_type=\"column\" data-e-type=\"column\">\n\t\t\t<div class=\"elementor-widget-wrap elementor-element-populated\">\n\t\t\t\t\t\t<div class=\"elementor-element elementor-element-11f572d elementor-hidden-desktop elementor-hidden-tablet elementor-widget-divider--view-line elementor-widget elementor-widget-divider\" data-id=\"11f572d\" data-element_type=\"widget\" data-e-type=\"widget\" data-widget_type=\"divider.default\">\n\t\t\t\t<div class=\"elementor-widget-container\">\n\t\t\t\t\t\t\t<div class=\"elementor-divider\">\n\t\t\t<span class=\"elementor-divider-separator\">\n\t\t\t\t\t\t<\/span>\n\t\t<\/div>\n\t\t\t\t\t\t<\/div>\n\t\t\t\t<\/div>\n\t\t\t\t<div class=\"elementor-element elementor-element-00596f4 elementor-widget elementor-widget-image\" data-id=\"00596f4\" data-element_type=\"widget\" data-e-type=\"widget\" data-widget_type=\"image.default\">\n\t\t\t\t<div class=\"elementor-widget-container\">\n\t\t\t\t\t\t\t\t\t\t\t\t\t\t\t\t<a href=\"https:\/\/www.grends.de\/en\/snuutje\/\">\n\t\t\t\t\t\t\t<img decoding=\"async\" width=\"300\" height=\"143\" src=\"https:\/\/www.grends.de\/wp-content\/uploads\/2024\/08\/Logo-snuutje-500x238-1-300x143.png\" class=\"attachment-medium size-medium wp-image-1178\" alt=\"\" srcset=\"https:\/\/www.grends.de\/wp-content\/uploads\/2024\/08\/Logo-snuutje-500x238-1-300x143.png 300w, https:\/\/www.grends.de\/wp-content\/uploads\/2024\/08\/Logo-snuutje-500x238-1-150x71.png 150w, https:\/\/www.grends.de\/wp-content\/uploads\/2024\/08\/Logo-snuutje-500x238-1.png 500w\" sizes=\"(max-width: 300px) 100vw, 300px\" \/>\t\t\t\t\t\t\t\t<\/a>\n\t\t\t\t\t\t\t\t\t\t\t\t\t\t\t<\/div>\n\t\t\t\t<\/div>\n\t\t\t\t\t<\/div>\n\t\t<\/div>\n\t\t\t\t\t<\/div>\n\t\t<\/section>\n\t\t\t\t<section class=\"elementor-section elementor-top-section elementor-element elementor-element-4135dc9 elementor-section-boxed elementor-section-height-default elementor-section-height-default\" data-id=\"4135dc9\" data-element_type=\"section\" data-e-type=\"section\">\n\t\t\t\t\t\t<div class=\"elementor-container elementor-column-gap-default\">\n\t\t\t\t\t<div class=\"elementor-column elementor-col-50 elementor-top-column elementor-element elementor-element-81638a4\" data-id=\"81638a4\" data-element_type=\"column\" data-e-type=\"column\">\n\t\t\t<div class=\"elementor-widget-wrap elementor-element-populated\">\n\t\t\t\t\t\t<div class=\"elementor-element elementor-element-455071d elementor-widget elementor-widget-heading\" data-id=\"455071d\" data-element_type=\"widget\" data-e-type=\"widget\" data-widget_type=\"heading.default\">\n\t\t\t\t<div class=\"elementor-widget-container\">\n\t\t\t\t\t<h3 class=\"elementor-heading-title elementor-size-default\">SNUUTJE - \"Chouchou\" en plattlandais<\/h3>\t\t\t\t<\/div>\n\t\t\t\t<\/div>\n\t\t\t\t<div class=\"elementor-element elementor-element-1448845 elementor-widget elementor-widget-text-editor\" data-id=\"1448845\" data-element_type=\"widget\" data-e-type=\"widget\" data-widget_type=\"text-editor.default\">\n\t\t\t\t<div class=\"elementor-widget-container\">\n\t\t\t\t\t\t\t\t\t<p>Naturellement nordique : une marque pr\u00e9f\u00e9r\u00e9e qui a le sens de la famille. La nouvelle marque snuutje\u00ae propose de belles choses pour toute la famille. Des hamacs pour r\u00eaver, des aides au sommeil pour les jeunes et les moins jeunes&#8230; une s\u00e9lection raffin\u00e9e d&rsquo;id\u00e9es autour du design et de la fonction qui, gr\u00e2ce \u00e0 des mat\u00e9riaux de haute qualit\u00e9 et une bonne finition, deviennent des produits fiables qui font tout simplement plaisir. Pas de fioritures, pas de chichis, juste une belle d\u00e9tente !<\/p><p>Plus d&rsquo;informations sur :<strong> <span style=\"text-decoration: underline;\"><a href=\"https:\/\/www.grends.de\/fr\/snuutje\/\">grends.de\/fr\/snuutje\/<\/a><\/span><\/strong><\/p>\t\t\t\t\t\t\t\t<\/div>\n\t\t\t\t<\/div>\n\t\t\t\t\t<\/div>\n\t\t<\/div>\n\t\t\t\t<div class=\"elementor-column elementor-col-50 elementor-top-column elementor-element elementor-element-870d512\" data-id=\"870d512\" data-element_type=\"column\" data-e-type=\"column\">\n\t\t\t<div class=\"elementor-widget-wrap elementor-element-populated\">\n\t\t\t\t\t\t<div class=\"elementor-element elementor-element-a218613 e-transform elementor-widget elementor-widget-image\" data-id=\"a218613\" data-element_type=\"widget\" data-e-type=\"widget\" data-settings=\"{&quot;_transform_flipX_effect&quot;:&quot;transform&quot;}\" data-widget_type=\"image.default\">\n\t\t\t\t<div class=\"elementor-widget-container\">\n\t\t\t\t\t\t\t\t\t\t\t\t\t\t\t<img decoding=\"async\" src=\"https:\/\/www.grends.de\/wp-content\/uploads\/elementor\/thumbs\/SNU2303-Set-qscyichhlt63xbex90mugyrh7npfgan3be5c7mcuq0.png\" title=\"SNU2303-Set\" alt=\"SNU2303-Set\" loading=\"lazy\" \/>\t\t\t\t\t\t\t\t\t\t\t\t\t\t\t<\/div>\n\t\t\t\t<\/div>\n\t\t\t\t\t<\/div>\n\t\t<\/div>\n\t\t\t\t\t<\/div>\n\t\t<\/section>\n\t\t\t\t<section class=\"elementor-section elementor-top-section elementor-element elementor-element-0cc788c elementor-section-boxed elementor-section-height-default elementor-section-height-default\" data-id=\"0cc788c\" data-element_type=\"section\" data-e-type=\"section\">\n\t\t\t\t\t\t<div class=\"elementor-container elementor-column-gap-default\">\n\t\t\t\t\t<div class=\"elementor-column elementor-col-100 elementor-top-column elementor-element elementor-element-c8e6d5a\" data-id=\"c8e6d5a\" data-element_type=\"column\" data-e-type=\"column\">\n\t\t\t<div class=\"elementor-widget-wrap elementor-element-populated\">\n\t\t\t\t\t\t<div class=\"elementor-element elementor-element-817d2d9 elementor-hidden-desktop elementor-hidden-tablet elementor-widget-divider--view-line elementor-widget elementor-widget-divider\" data-id=\"817d2d9\" data-element_type=\"widget\" data-e-type=\"widget\" data-widget_type=\"divider.default\">\n\t\t\t\t<div class=\"elementor-widget-container\">\n\t\t\t\t\t\t\t<div class=\"elementor-divider\">\n\t\t\t<span class=\"elementor-divider-separator\">\n\t\t\t\t\t\t<\/span>\n\t\t<\/div>\n\t\t\t\t\t\t<\/div>\n\t\t\t\t<\/div>\n\t\t\t\t<div class=\"elementor-element elementor-element-536379a elementor-widget elementor-widget-image\" data-id=\"536379a\" data-element_type=\"widget\" data-e-type=\"widget\" data-widget_type=\"image.default\">\n\t\t\t\t<div class=\"elementor-widget-container\">\n\t\t\t\t\t\t\t\t\t\t\t\t\t\t\t\t<a href=\"https:\/\/hafenbande.com\/\" target=\"_blank\">\n\t\t\t\t\t\t\t<img loading=\"lazy\" decoding=\"async\" width=\"150\" height=\"150\" src=\"https:\/\/www.grends.de\/wp-content\/uploads\/2024\/08\/WS_Logo_HB_300x300-150x150.png\" class=\"attachment-thumbnail size-thumbnail wp-image-1180\" alt=\"\" srcset=\"https:\/\/www.grends.de\/wp-content\/uploads\/2024\/08\/WS_Logo_HB_300x300-150x150.png 150w, https:\/\/www.grends.de\/wp-content\/uploads\/2024\/08\/WS_Logo_HB_300x300.png 300w\" sizes=\"(max-width: 150px) 100vw, 150px\" \/>\t\t\t\t\t\t\t\t<\/a>\n\t\t\t\t\t\t\t\t\t\t\t\t\t\t\t<\/div>\n\t\t\t\t<\/div>\n\t\t\t\t\t<\/div>\n\t\t<\/div>\n\t\t\t\t\t<\/div>\n\t\t<\/section>\n\t\t\t\t<section class=\"elementor-section elementor-top-section elementor-element elementor-element-363bbfd elementor-reverse-mobile elementor-section-boxed elementor-section-height-default elementor-section-height-default\" data-id=\"363bbfd\" data-element_type=\"section\" data-e-type=\"section\">\n\t\t\t\t\t\t<div class=\"elementor-container elementor-column-gap-default\">\n\t\t\t\t\t<div class=\"elementor-column elementor-col-50 elementor-top-column elementor-element elementor-element-a01e051\" data-id=\"a01e051\" data-element_type=\"column\" data-e-type=\"column\">\n\t\t\t<div class=\"elementor-widget-wrap elementor-element-populated\">\n\t\t\t\t\t\t<div class=\"elementor-element elementor-element-ddc075c elementor-widget elementor-widget-heading\" data-id=\"ddc075c\" data-element_type=\"widget\" data-e-type=\"widget\" data-widget_type=\"heading.default\">\n\t\t\t\t<div class=\"elementor-widget-container\">\n\t\t\t\t\t<h3 class=\"elementor-heading-title elementor-size-default\">Hafenbande - tout nouveau \u00e0 bord !<\/h3>\t\t\t\t<\/div>\n\t\t\t\t<\/div>\n\t\t\t\t<div class=\"elementor-element elementor-element-5a85e5b elementor-widget elementor-widget-text-editor\" data-id=\"5a85e5b\" data-element_type=\"widget\" data-e-type=\"widget\" data-widget_type=\"text-editor.default\">\n\t\t\t\t<div class=\"elementor-widget-container\">\n\t\t\t\t\t\t\t\t\t<p>La nouvelle marque d&rsquo;accessoires pour animaux de compagnie, qu&rsquo;il s&rsquo;agisse de chiens, de chats ou de rongeurs. De la niche en plastique de haute qualit\u00e9 \u00e0 l&rsquo;arbre \u00e0 chat en bois, en passant par la gamelle avec fonction de pes\u00e9e ou le collier avec lampe LED. Ici, vous trouverez \u00e0 l&rsquo;avenir une qualit\u00e9 et une s\u00e9curit\u00e9 contr\u00f4l\u00e9es &#8211; pour toutes les fourrures.<\/p><p>L&rsquo;int\u00e9r\u00eat pour les articles pour animaux de compagnie est plus grand que jamais, le nombre de propri\u00e9taires de chiens d\u00e9clar\u00e9s ayant augment\u00e9 de 20 % l&rsquo;ann\u00e9e derni\u00e8re. Suivi de pr\u00e8s par les tigres de salon, le chien reste l&rsquo;animal de compagnie pr\u00e9f\u00e9r\u00e9 des Allemands, mais les chats occupent toujours la deuxi\u00e8me place. Quoi de plus naturel donc que de compl\u00e9ter notre univers de marques autour de la maison par une s\u00e9lection de produits pour animaux. La marque Hafenbande, bas\u00e9e \u00e0 Hambourg, propose une gamme d&rsquo;accessoires qui ne cesse de s&rsquo;\u00e9toffer et qui r\u00e9pond aux m\u00eames exigences que celles que nous avons pour les produits destin\u00e9s aux humains : un design beau et fonctionnel, des mat\u00e9riaux s\u00fbrs et une bonne finition.<\/p><p>Plus d&rsquo;infos et shopping sur<strong> <span style=\"text-decoration: underline;\"><a href=\"https:\/\/hafenbande.com\/\" target=\"_blank\" rel=\"noopener\">hafenbande.com<\/a><\/span><\/strong><\/p>\t\t\t\t\t\t\t\t<\/div>\n\t\t\t\t<\/div>\n\t\t\t\t\t<\/div>\n\t\t<\/div>\n\t\t\t\t<div class=\"elementor-column elementor-col-50 elementor-top-column elementor-element elementor-element-4a77c4e\" data-id=\"4a77c4e\" data-element_type=\"column\" data-e-type=\"column\">\n\t\t\t<div class=\"elementor-widget-wrap elementor-element-populated\">\n\t\t\t\t\t\t<div class=\"elementor-element elementor-element-83b6d99 elementor-widget elementor-widget-image\" data-id=\"83b6d99\" data-element_type=\"widget\" data-e-type=\"widget\" data-widget_type=\"image.default\">\n\t\t\t\t<div class=\"elementor-widget-container\">\n\t\t\t\t\t\t\t\t\t\t\t\t\t\t\t<img loading=\"lazy\" decoding=\"async\" width=\"324\" height=\"302\" src=\"https:\/\/www.grends.de\/wp-content\/uploads\/2024\/08\/WS_Hafenbande_Hundebeutel_HPC2001_324x302.png\" class=\"attachment-large size-large wp-image-1182\" alt=\"\" srcset=\"https:\/\/www.grends.de\/wp-content\/uploads\/2024\/08\/WS_Hafenbande_Hundebeutel_HPC2001_324x302.png 324w, https:\/\/www.grends.de\/wp-content\/uploads\/2024\/08\/WS_Hafenbande_Hundebeutel_HPC2001_324x302-300x280.png 300w, https:\/\/www.grends.de\/wp-content\/uploads\/2024\/08\/WS_Hafenbande_Hundebeutel_HPC2001_324x302-150x140.png 150w\" sizes=\"(max-width: 324px) 100vw, 324px\" \/>\t\t\t\t\t\t\t\t\t\t\t\t\t\t\t<\/div>\n\t\t\t\t<\/div>\n\t\t\t\t\t<\/div>\n\t\t<\/div>\n\t\t\t\t\t<\/div>\n\t\t<\/section>\n\t\t\t\t<\/div>\n\t\t","protected":false},"excerpt":{"rendered":"<p>Avec succ\u00e8s. Faciliter la vie. Biens de consommation non alimentaires L&rsquo;esprit du temps et la chronologie. Qualit\u00e9 et service. Si une bonne id\u00e9e se transforme en succ\u00e8s commercial et que nos clients n&rsquo;ont eu \u00e0 s&rsquo;occuper de presque rien, nous avons atteint notre objectif. Depuis plus de 15 ans, nous soutenons le secteur des biens [&hellip;]<\/p>\n","protected":false},"author":3,"featured_media":1171,"parent":0,"menu_order":1,"comment_status":"closed","ping_status":"closed","template":"","meta":{"_seopress_robots_primary_cat":"","_seopress_titles_title":"","_seopress_titles_desc":"","_seopress_robots_index":"","footnotes":""},"class_list":["post-1170","page","type-page","status-publish","has-post-thumbnail","hentry"],"ase":null,"_links":{"self":[{"href":"https:\/\/www.grends.de\/fr\/wp-json\/wp\/v2\/pages\/1170","targetHints":{"allow":["GET"]}}],"collection":[{"href":"https:\/\/www.grends.de\/fr\/wp-json\/wp\/v2\/pages"}],"about":[{"href":"https:\/\/www.grends.de\/fr\/wp-json\/wp\/v2\/types\/page"}],"author":[{"embeddable":true,"href":"https:\/\/www.grends.de\/fr\/wp-json\/wp\/v2\/users\/3"}],"replies":[{"embeddable":true,"href":"https:\/\/www.grends.de\/fr\/wp-json\/wp\/v2\/comments?post=1170"}],"version-history":[{"count":33,"href":"https:\/\/www.grends.de\/fr\/wp-json\/wp\/v2\/pages\/1170\/revisions"}],"predecessor-version":[{"id":1551,"href":"https:\/\/www.grends.de\/fr\/wp-json\/wp\/v2\/pages\/1170\/revisions\/1551"}],"wp:featuredmedia":[{"embeddable":true,"href":"https:\/\/www.grends.de\/fr\/wp-json\/wp\/v2\/media\/1171"}],"wp:attachment":[{"href":"https:\/\/www.grends.de\/fr\/wp-json\/wp\/v2\/media?parent=1170"}],"curies":[{"name":"wp","href":"https:\/\/api.w.org\/{rel}","templated":true}]}}