{"id":1196,"date":"2024-08-14T15:34:30","date_gmt":"2024-08-14T13:34:30","guid":{"rendered":"https:\/\/www.grends.de\/mentions-legales\/"},"modified":"2024-08-14T15:34:31","modified_gmt":"2024-08-14T13:34:31","slug":"mentions-legales","status":"publish","type":"page","link":"https:\/\/www.grends.de\/fr\/mentions-legales\/","title":{"rendered":"Mentions l\u00e9gales"},"content":{"rendered":"\t\t<div data-elementor-type=\"wp-page\" data-elementor-id=\"1196\" class=\"elementor elementor-1196 elementor-133\" data-elementor-post-type=\"page\">\n\t\t\t\t\t\t<section class=\"elementor-section elementor-top-section elementor-element elementor-element-2cd7b09 elementor-section-boxed elementor-section-height-default elementor-section-height-default\" data-id=\"2cd7b09\" data-element_type=\"section\" data-e-type=\"section\">\n\t\t\t\t\t\t<div class=\"elementor-container elementor-column-gap-default\">\n\t\t\t\t\t<div class=\"elementor-column elementor-col-100 elementor-top-column elementor-element elementor-element-f2f7d2e\" data-id=\"f2f7d2e\" data-element_type=\"column\" data-e-type=\"column\">\n\t\t\t<div class=\"elementor-widget-wrap elementor-element-populated\">\n\t\t\t\t\t\t<div class=\"elementor-element elementor-element-f59b23a elementor-widget elementor-widget-heading\" data-id=\"f59b23a\" data-element_type=\"widget\" data-e-type=\"widget\" data-widget_type=\"heading.default\">\n\t\t\t\t<div class=\"elementor-widget-container\">\n\t\t\t\t\t<h1 class=\"elementor-heading-title elementor-size-default\">Mentions l\u00e9gales<\/h1>\t\t\t\t<\/div>\n\t\t\t\t<\/div>\n\t\t\t\t<div class=\"elementor-element elementor-element-1d82ec2 elementor-widget-divider--view-line elementor-widget elementor-widget-divider\" data-id=\"1d82ec2\" data-element_type=\"widget\" data-e-type=\"widget\" data-widget_type=\"divider.default\">\n\t\t\t\t<div class=\"elementor-widget-container\">\n\t\t\t\t\t\t\t<div class=\"elementor-divider\">\n\t\t\t<span class=\"elementor-divider-separator\">\n\t\t\t\t\t\t<\/span>\n\t\t<\/div>\n\t\t\t\t\t\t<\/div>\n\t\t\t\t<\/div>\n\t\t\t\t<div class=\"elementor-element elementor-element-ac2c851 elementor-widget elementor-widget-text-editor\" data-id=\"ac2c851\" data-element_type=\"widget\" data-e-type=\"widget\" data-widget_type=\"text-editor.default\">\n\t\t\t\t<div class=\"elementor-widget-container\">\n\t\t\t\t\t\t\t\t\t<p>GRENDS GmbH<br \/>Stahltwiete 23<br \/>22761 Hambourg<br \/>Allemagne<\/p>\n<p>49 (0)40 33 46 875-00<br \/>Fax : +49 (0)40 33 468 75-99<br \/>E-mail : <a href=\"info@grends.de\">info(at)grends.de<\/a><\/p>\n<p>Tribunal d&rsquo;enregistrement : Tribunal d&rsquo;instance de Hambourg<br \/>Num\u00e9ro d&rsquo;enregistrement : HRB 177285<br \/>Num\u00e9ro DEEE : 37737700<\/p>\n<p>Directeur g\u00e9n\u00e9ral : Moritz Goebel, Thorsten Thiel<\/p>\n<p>Num\u00e9ro d&rsquo;identification de la taxe sur le chiffre d&rsquo;affaires conform\u00e9ment au \u00a7 27 a de la loi sur la taxe sur le chiffre d&rsquo;affaires : DE333439040<\/p>\n<p>Plate-forme de la Commission europ\u00e9enne pour le r\u00e8glement en ligne des litiges : https:\/\/ec.europa.eu\/odr<\/p>\n<p>Nous ne sommes ni oblig\u00e9s ni dispos\u00e9s \u00e0 participer \u00e0 une proc\u00e9dure de r\u00e8glement des litiges devant un organisme de conciliation des consommateurs.<\/p>\n\t\t\t\t\t\t\t\t<\/div>\n\t\t\t\t<\/div>\n\t\t\t\t\t<\/div>\n\t\t<\/div>\n\t\t\t\t\t<\/div>\n\t\t<\/section>\n\t\t\t\t<\/div>\n\t\t","protected":false},"excerpt":{"rendered":"<p>Mentions l\u00e9gales GRENDS GmbHStahltwiete 2322761 HambourgAllemagne 49 (0)40 33 46 875-00Fax : +49 (0)40 33 468 75-99E-mail : info(at)grends.de Tribunal d&rsquo;enregistrement : Tribunal d&rsquo;instance de HambourgNum\u00e9ro d&rsquo;enregistrement : HRB 177285Num\u00e9ro DEEE : 37737700 Directeur g\u00e9n\u00e9ral : Moritz Goebel, Thorsten Thiel Num\u00e9ro d&rsquo;identification de la taxe sur le chiffre d&rsquo;affaires conform\u00e9ment au \u00a7 27 a de [&hellip;]<\/p>\n","protected":false},"author":3,"featured_media":1855,"parent":0,"menu_order":4,"comment_status":"closed","ping_status":"closed","template":"","meta":{"_seopress_robots_primary_cat":"","_seopress_titles_title":"","_seopress_titles_desc":"","_seopress_robots_index":"","footnotes":""},"class_list":["post-1196","page","type-page","status-publish","has-post-thumbnail","hentry"],"ase":null,"_links":{"self":[{"href":"https:\/\/www.grends.de\/fr\/wp-json\/wp\/v2\/pages\/1196","targetHints":{"allow":["GET"]}}],"collection":[{"href":"https:\/\/www.grends.de\/fr\/wp-json\/wp\/v2\/pages"}],"about":[{"href":"https:\/\/www.grends.de\/fr\/wp-json\/wp\/v2\/types\/page"}],"author":[{"embeddable":true,"href":"https:\/\/www.grends.de\/fr\/wp-json\/wp\/v2\/users\/3"}],"replies":[{"embeddable":true,"href":"https:\/\/www.grends.de\/fr\/wp-json\/wp\/v2\/comments?post=1196"}],"version-history":[{"count":2,"href":"https:\/\/www.grends.de\/fr\/wp-json\/wp\/v2\/pages\/1196\/revisions"}],"predecessor-version":[{"id":1200,"href":"https:\/\/www.grends.de\/fr\/wp-json\/wp\/v2\/pages\/1196\/revisions\/1200"}],"wp:featuredmedia":[{"embeddable":true,"href":"https:\/\/www.grends.de\/fr\/wp-json\/wp\/v2\/media\/1855"}],"wp:attachment":[{"href":"https:\/\/www.grends.de\/fr\/wp-json\/wp\/v2\/media?parent=1196"}],"curies":[{"name":"wp","href":"https:\/\/api.w.org\/{rel}","templated":true}]}}