{"id":1138,"date":"2024-08-14T15:34:29","date_gmt":"2024-08-14T13:34:29","guid":{"rendered":"https:\/\/www.grends.de\/clienti\/"},"modified":"2024-08-15T11:38:40","modified_gmt":"2024-08-15T09:38:40","slug":"clienti","status":"publish","type":"page","link":"https:\/\/www.grends.de\/it\/b2b\/clienti\/","title":{"rendered":"Clienti"},"content":{"rendered":"\t\t<div data-elementor-type=\"wp-page\" data-elementor-id=\"1138\" class=\"elementor elementor-1138 elementor-90\" data-elementor-post-type=\"page\">\n\t\t\t\t\t\t<section class=\"elementor-section elementor-top-section elementor-element elementor-element-a0d7b38 elementor-section-boxed elementor-section-height-default elementor-section-height-default\" data-id=\"a0d7b38\" data-element_type=\"section\" data-e-type=\"section\" data-settings=\"{&quot;background_background&quot;:&quot;classic&quot;}\">\n\t\t\t\t\t\t<div class=\"elementor-container elementor-column-gap-default\">\n\t\t\t\t\t<div class=\"elementor-column elementor-col-100 elementor-top-column elementor-element elementor-element-4621a8d\" data-id=\"4621a8d\" data-element_type=\"column\" data-e-type=\"column\">\n\t\t\t<div class=\"elementor-widget-wrap elementor-element-populated\">\n\t\t\t\t\t\t<div class=\"elementor-element elementor-element-3024a47 elementor-widget elementor-widget-heading\" data-id=\"3024a47\" data-element_type=\"widget\" data-e-type=\"widget\" data-widget_type=\"heading.default\">\n\t\t\t\t<div class=\"elementor-widget-container\">\n\t\t\t\t\t<h1 class=\"elementor-heading-title elementor-size-default\">I nostri clienti<\/h1>\t\t\t\t<\/div>\n\t\t\t\t<\/div>\n\t\t\t\t\t<\/div>\n\t\t<\/div>\n\t\t\t\t\t<\/div>\n\t\t<\/section>\n\t\t\t\t<section class=\"elementor-section elementor-top-section elementor-element elementor-element-d4f37c6 elementor-section-boxed elementor-section-height-default elementor-section-height-default\" data-id=\"d4f37c6\" data-element_type=\"section\" data-e-type=\"section\">\n\t\t\t\t\t\t<div class=\"elementor-container elementor-column-gap-default\">\n\t\t\t\t\t<div class=\"elementor-column elementor-col-100 elementor-top-column elementor-element elementor-element-b44dee4\" data-id=\"b44dee4\" data-element_type=\"column\" data-e-type=\"column\">\n\t\t\t<div class=\"elementor-widget-wrap elementor-element-populated\">\n\t\t\t\t\t\t<div class=\"elementor-element elementor-element-c9dfd79 elementor-widget elementor-widget-heading\" data-id=\"c9dfd79\" data-element_type=\"widget\" data-e-type=\"widget\" data-widget_type=\"heading.default\">\n\t\t\t\t<div class=\"elementor-widget-container\">\n\t\t\t\t\t<h2 class=\"elementor-heading-title elementor-size-default\">Versatilit\u00e0.\nProva di flessibilit\u00e0. <\/h2>\t\t\t\t<\/div>\n\t\t\t\t<\/div>\n\t\t\t\t<div class=\"elementor-element elementor-element-c1ab864 elementor-widget elementor-widget-text-editor\" data-id=\"c1ab864\" data-element_type=\"widget\" data-e-type=\"widget\" data-widget_type=\"text-editor.default\">\n\t\t\t\t<div class=\"elementor-widget-container\">\n\t\t\t\t\t\t\t\t\t<p>La nostra clientela copre l&#8217;intero panorama della vendita al dettaglio di beni di consumo nel settore non alimentare. Dai rivenditori specializzati e ben forniti, ai gruppi di acquisto e ai grandi magazzini, fino ai principali attori della vendita al dettaglio di prodotti alimentari o ai programmi di bonus e fedelt\u00e0 e ai negozi online. I nostri clienti collaborano con noi per realizzare prodotti per i loro marchi, creare vetrine a tema con un&#8217;ampia selezione di prodotti o trovare aggiunte utili e redditizie alle loro gamme di prodotti tra i prodotti dei nostri marchi: l&#8217;elenco delle possibilit\u00e0 \u00e8 lungo.<\/p>\t\t\t\t\t\t\t\t<\/div>\n\t\t\t\t<\/div>\n\t\t\t\t<div class=\"elementor-element elementor-element-11bf698 elementor-widget elementor-widget-heading\" data-id=\"11bf698\" data-element_type=\"widget\" data-e-type=\"widget\" data-widget_type=\"heading.default\">\n\t\t\t\t<div class=\"elementor-widget-container\">\n\t\t\t\t\t<h2 class=\"elementor-heading-title elementor-size-default\">Riferimenti: Discreto in modo anseatico<\/h2>\t\t\t\t<\/div>\n\t\t\t\t<\/div>\n\t\t\t\t<div class=\"elementor-element elementor-element-0031096 elementor-widget elementor-widget-text-editor\" data-id=\"0031096\" data-element_type=\"widget\" data-e-type=\"widget\" data-widget_type=\"text-editor.default\">\n\t\t\t\t<div class=\"elementor-widget-container\">\n\t\t\t\t\t\t\t\t\t<p>Siamo orgogliosi dei nostri rapporti con i clienti, solidi e di lunga data. Ed \u00e8 per questo che non ne parliamo. Perch\u00e9 queste relazioni sono caratterizzate da fiducia e fedelt\u00e0. Chiunque conosca il settore sa che un fornitore valido e affidabile \u00e8 un vantaggio competitivo per i nostri clienti, che d\u00e0 loro un vantaggio. Siamo felici di mantenere il segreto di questo complimento.<\/p>\t\t\t\t\t\t\t\t<\/div>\n\t\t\t\t<\/div>\n\t\t\t\t\t<\/div>\n\t\t<\/div>\n\t\t\t\t\t<\/div>\n\t\t<\/section>\n\t\t\t\t<\/div>\n\t\t","protected":false},"excerpt":{"rendered":"<p>I nostri clienti Versatilit\u00e0. Prova di flessibilit\u00e0. La nostra clientela copre l&#8217;intero panorama della vendita al dettaglio di beni di consumo nel settore non alimentare. Dai rivenditori specializzati e ben forniti, ai gruppi di acquisto e ai grandi magazzini, fino ai principali attori della vendita al dettaglio di prodotti alimentari o ai programmi di bonus [&hellip;]<\/p>\n","protected":false},"author":3,"featured_media":1139,"parent":1248,"menu_order":3,"comment_status":"closed","ping_status":"closed","template":"","meta":{"_seopress_robots_primary_cat":"","_seopress_titles_title":"","_seopress_titles_desc":"","_seopress_robots_index":"","footnotes":""},"class_list":["post-1138","page","type-page","status-publish","has-post-thumbnail","hentry"],"ase":null,"_links":{"self":[{"href":"https:\/\/www.grends.de\/it\/wp-json\/wp\/v2\/pages\/1138","targetHints":{"allow":["GET"]}}],"collection":[{"href":"https:\/\/www.grends.de\/it\/wp-json\/wp\/v2\/pages"}],"about":[{"href":"https:\/\/www.grends.de\/it\/wp-json\/wp\/v2\/types\/page"}],"author":[{"embeddable":true,"href":"https:\/\/www.grends.de\/it\/wp-json\/wp\/v2\/users\/3"}],"replies":[{"embeddable":true,"href":"https:\/\/www.grends.de\/it\/wp-json\/wp\/v2\/comments?post=1138"}],"version-history":[{"count":9,"href":"https:\/\/www.grends.de\/it\/wp-json\/wp\/v2\/pages\/1138\/revisions"}],"predecessor-version":[{"id":1650,"href":"https:\/\/www.grends.de\/it\/wp-json\/wp\/v2\/pages\/1138\/revisions\/1650"}],"up":[{"embeddable":true,"href":"https:\/\/www.grends.de\/it\/wp-json\/wp\/v2\/pages\/1248"}],"wp:featuredmedia":[{"embeddable":true,"href":"https:\/\/www.grends.de\/it\/wp-json\/wp\/v2\/media\/1139"}],"wp:attachment":[{"href":"https:\/\/www.grends.de\/it\/wp-json\/wp\/v2\/media?parent=1138"}],"curies":[{"name":"wp","href":"https:\/\/api.w.org\/{rel}","templated":true}]}}