{"id":1152,"date":"2024-08-14T15:34:29","date_gmt":"2024-08-14T13:34:29","guid":{"rendered":"https:\/\/www.grends.de\/marche\/"},"modified":"2024-08-15T10:46:22","modified_gmt":"2024-08-15T08:46:22","slug":"marche","status":"publish","type":"page","link":"https:\/\/www.grends.de\/it\/marche\/","title":{"rendered":"Marche"},"content":{"rendered":"\t\t<div data-elementor-type=\"wp-page\" data-elementor-id=\"1152\" class=\"elementor elementor-1152 elementor-340\" data-elementor-post-type=\"page\">\n\t\t\t\t\t\t<section class=\"elementor-section elementor-top-section elementor-element elementor-element-51a95b9 elementor-section-stretched elementor-section-boxed elementor-section-height-default elementor-section-height-default\" data-id=\"51a95b9\" data-element_type=\"section\" data-e-type=\"section\" data-settings=\"{&quot;background_background&quot;:&quot;classic&quot;,&quot;stretch_section&quot;:&quot;section-stretched&quot;}\">\n\t\t\t\t\t\t<div class=\"elementor-container elementor-column-gap-no\">\n\t\t\t\t\t<div class=\"elementor-column elementor-col-100 elementor-top-column elementor-element elementor-element-3ef2ac8\" data-id=\"3ef2ac8\" data-element_type=\"column\" data-e-type=\"column\">\n\t\t\t<div class=\"elementor-widget-wrap elementor-element-populated\">\n\t\t\t\t\t\t<div class=\"elementor-element elementor-element-a546ec7 elementor-widget elementor-widget-text-editor\" data-id=\"a546ec7\" data-element_type=\"widget\" data-e-type=\"widget\" data-widget_type=\"text-editor.default\">\n\t\t\t\t<div class=\"elementor-widget-container\">\n\t\t\t\t\t\t\t\t\t<h3><span style=\"color: #ffffff;\"><strong>Con successo.<\/strong><\/span><\/h3>\n\t\t\t\t\t\t\t\t<\/div>\n\t\t\t\t<\/div>\n\t\t\t\t<div class=\"elementor-element elementor-element-4340553 elementor-widget__width-initial elementor-widget elementor-widget-heading\" data-id=\"4340553\" data-element_type=\"widget\" data-e-type=\"widget\" data-widget_type=\"heading.default\">\n\t\t\t\t<div class=\"elementor-widget-container\">\n\t\t\t\t\t<h1 class=\"elementor-heading-title elementor-size-default\">Semplificare la vita.<\/h1>\t\t\t\t<\/div>\n\t\t\t\t<\/div>\n\t\t\t\t\t<\/div>\n\t\t<\/div>\n\t\t\t\t\t<\/div>\n\t\t<\/section>\n\t\t\t\t<section class=\"elementor-section elementor-top-section elementor-element elementor-element-ac975d5 elementor-section-boxed elementor-section-height-default elementor-section-height-default\" data-id=\"ac975d5\" data-element_type=\"section\" data-e-type=\"section\">\n\t\t\t\t\t\t<div class=\"elementor-container elementor-column-gap-default\">\n\t\t\t\t\t<div class=\"elementor-column elementor-col-100 elementor-top-column elementor-element elementor-element-c1259c2\" data-id=\"c1259c2\" data-element_type=\"column\" data-e-type=\"column\">\n\t\t\t<div class=\"elementor-widget-wrap elementor-element-populated\">\n\t\t\t\t\t\t<div class=\"elementor-element elementor-element-5bd31ec elementor-widget elementor-widget-heading\" data-id=\"5bd31ec\" data-element_type=\"widget\" data-e-type=\"widget\" data-widget_type=\"heading.default\">\n\t\t\t\t<div class=\"elementor-widget-container\">\n\t\t\t\t\t<h2 class=\"elementor-heading-title elementor-size-default\">Beni di consumo non alimentari<\/h2>\t\t\t\t<\/div>\n\t\t\t\t<\/div>\n\t\t\t\t\t<\/div>\n\t\t<\/div>\n\t\t\t\t\t<\/div>\n\t\t<\/section>\n\t\t\t\t<section class=\"elementor-section elementor-top-section elementor-element elementor-element-c4ea52c elementor-reverse-tablet elementor-reverse-mobile elementor-section-boxed elementor-section-height-default elementor-section-height-default\" data-id=\"c4ea52c\" data-element_type=\"section\" data-e-type=\"section\">\n\t\t\t\t\t\t<div class=\"elementor-container elementor-column-gap-default\">\n\t\t\t\t\t<div class=\"elementor-column elementor-col-66 elementor-top-column elementor-element elementor-element-c37b6eb\" data-id=\"c37b6eb\" data-element_type=\"column\" data-e-type=\"column\">\n\t\t\t<div class=\"elementor-widget-wrap elementor-element-populated\">\n\t\t\t\t\t\t<div class=\"elementor-element elementor-element-4ae5fc1 elementor-widget elementor-widget-text-editor\" data-id=\"4ae5fc1\" data-element_type=\"widget\" data-e-type=\"widget\" data-widget_type=\"text-editor.default\">\n\t\t\t\t<div class=\"elementor-widget-container\">\n\t\t\t\t\t\t\t\t\t<p><strong>Zeitgeist e linea del tempo. Qualit\u00e0 e servizio.<\/strong> Quando una buona idea diventa un successo di vendita e i nostri clienti non devono preoccuparsi quasi di nulla, abbiamo raggiunto il nostro obiettivo. Da oltre 15 anni, sosteniamo il commercio di beni di consumo come trend scout, nell&#8217;approvvigionamento, nel lancio sul mercato e nell&#8217;assistenza post-vendita dei prodotti. Lo facciamo con prodotti che riflettono lo zeitgeist e con una qualit\u00e0 che crea fiducia &#8211; con i nostri marchi o come fornitori OEM, per i rivenditori bricks-and-mortar e per il canale online.<\/p>\n\t\t\t\t\t\t\t\t<\/div>\n\t\t\t\t<\/div>\n\t\t\t\t\t<\/div>\n\t\t<\/div>\n\t\t\t\t<div class=\"elementor-column elementor-col-33 elementor-top-column elementor-element elementor-element-75e3c38\" data-id=\"75e3c38\" data-element_type=\"column\" data-e-type=\"column\">\n\t\t\t<div class=\"elementor-widget-wrap elementor-element-populated\">\n\t\t\t\t\t\t<div class=\"elementor-element elementor-element-6469372 elementor-icon-list--layout-traditional elementor-list-item-link-full_width elementor-widget elementor-widget-icon-list\" data-id=\"6469372\" data-element_type=\"widget\" data-e-type=\"widget\" data-widget_type=\"icon-list.default\">\n\t\t\t\t<div class=\"elementor-widget-container\">\n\t\t\t\t\t\t\t<ul class=\"elementor-icon-list-items\">\n\t\t\t\t\t\t\t<li class=\"elementor-icon-list-item\">\n\t\t\t\t\t\t\t\t\t\t\t<a href=\"#marche\">\n\n\t\t\t\t\t\t\t\t\t\t\t\t<span class=\"elementor-icon-list-icon\">\n\t\t\t\t\t\t\t<i aria-hidden=\"true\" class=\"fas fa-chevron-circle-right\"><\/i>\t\t\t\t\t\t<\/span>\n\t\t\t\t\t\t\t\t\t\t<span class=\"elementor-icon-list-text\">Marchi e prodotti<\/span>\n\t\t\t\t\t\t\t\t\t\t\t<\/a>\n\t\t\t\t\t\t\t\t\t<\/li>\n\t\t\t\t\t\t\t\t<li class=\"elementor-icon-list-item\">\n\t\t\t\t\t\t\t\t\t\t\t<a href=\"\/it\/b2b\">\n\n\t\t\t\t\t\t\t\t\t\t\t\t<span class=\"elementor-icon-list-icon\">\n\t\t\t\t\t\t\t<i aria-hidden=\"true\" class=\"fas fa-chevron-circle-right\"><\/i>\t\t\t\t\t\t<\/span>\n\t\t\t\t\t\t\t\t\t\t<span class=\"elementor-icon-list-text\">Servizi<\/span>\n\t\t\t\t\t\t\t\t\t\t\t<\/a>\n\t\t\t\t\t\t\t\t\t<\/li>\n\t\t\t\t\t\t\t\t<li class=\"elementor-icon-list-item\">\n\t\t\t\t\t\t\t\t\t\t\t<a href=\"\/it\/clienti\">\n\n\t\t\t\t\t\t\t\t\t\t\t\t<span class=\"elementor-icon-list-icon\">\n\t\t\t\t\t\t\t<i aria-hidden=\"true\" class=\"fas fa-chevron-circle-right\"><\/i>\t\t\t\t\t\t<\/span>\n\t\t\t\t\t\t\t\t\t\t<span class=\"elementor-icon-list-text\">Clienti<\/span>\n\t\t\t\t\t\t\t\t\t\t\t<\/a>\n\t\t\t\t\t\t\t\t\t<\/li>\n\t\t\t\t\t\t<\/ul>\n\t\t\t\t\t\t<\/div>\n\t\t\t\t<\/div>\n\t\t\t\t\t<\/div>\n\t\t<\/div>\n\t\t\t\t\t<\/div>\n\t\t<\/section>\n\t\t\t\t<section class=\"elementor-section elementor-top-section elementor-element elementor-element-b7e1ae5 elementor-section-boxed elementor-section-height-default elementor-section-height-default\" data-id=\"b7e1ae5\" data-element_type=\"section\" data-e-type=\"section\">\n\t\t\t\t\t\t<div class=\"elementor-container elementor-column-gap-default\">\n\t\t\t\t\t<div class=\"elementor-column elementor-col-100 elementor-top-column elementor-element elementor-element-3f358cd\" data-id=\"3f358cd\" data-element_type=\"column\" data-e-type=\"column\">\n\t\t\t<div class=\"elementor-widget-wrap elementor-element-populated\">\n\t\t\t\t\t\t<div class=\"elementor-element elementor-element-3e05535 elementor-widget elementor-widget-menu-anchor\" data-id=\"3e05535\" data-element_type=\"widget\" data-e-type=\"widget\" data-widget_type=\"menu-anchor.default\">\n\t\t\t\t<div class=\"elementor-widget-container\">\n\t\t\t\t\t\t\t<div class=\"elementor-menu-anchor\" id=\"marche\"><\/div>\n\t\t\t\t\t\t<\/div>\n\t\t\t\t<\/div>\n\t\t\t\t<div class=\"elementor-element elementor-element-9fbadd8 elementor-widget elementor-widget-heading\" data-id=\"9fbadd8\" data-element_type=\"widget\" data-e-type=\"widget\" data-widget_type=\"heading.default\">\n\t\t\t\t<div class=\"elementor-widget-container\">\n\t\t\t\t\t<h2 class=\"elementor-heading-title elementor-size-default\">Marchi e prodotti<\/h2>\t\t\t\t<\/div>\n\t\t\t\t<\/div>\n\t\t\t\t\t<\/div>\n\t\t<\/div>\n\t\t\t\t\t<\/div>\n\t\t<\/section>\n\t\t\t\t<section class=\"elementor-section elementor-top-section elementor-element elementor-element-8a5d995 elementor-section-boxed elementor-section-height-default elementor-section-height-default\" data-id=\"8a5d995\" data-element_type=\"section\" data-e-type=\"section\">\n\t\t\t\t\t\t<div class=\"elementor-container elementor-column-gap-default\">\n\t\t\t\t\t<div class=\"elementor-column elementor-col-100 elementor-top-column elementor-element elementor-element-f0ac806\" data-id=\"f0ac806\" data-element_type=\"column\" data-e-type=\"column\">\n\t\t\t<div class=\"elementor-widget-wrap elementor-element-populated\">\n\t\t\t\t\t\t<div class=\"elementor-element elementor-element-2f0d725 elementor-widget elementor-widget-image\" data-id=\"2f0d725\" data-element_type=\"widget\" data-e-type=\"widget\" data-widget_type=\"image.default\">\n\t\t\t\t<div class=\"elementor-widget-container\">\n\t\t\t\t\t\t\t\t\t\t\t\t\t\t\t<img fetchpriority=\"high\" decoding=\"async\" width=\"500\" height=\"177\" src=\"https:\/\/www.grends.de\/wp-content\/uploads\/2024\/08\/Grends-Marken-ADE.png\" class=\"attachment-large size-large wp-image-1154\" alt=\"\" srcset=\"https:\/\/www.grends.de\/wp-content\/uploads\/2024\/08\/Grends-Marken-ADE.png 500w, https:\/\/www.grends.de\/wp-content\/uploads\/2024\/08\/Grends-Marken-ADE-300x106.png 300w, https:\/\/www.grends.de\/wp-content\/uploads\/2024\/08\/Grends-Marken-ADE-150x53.png 150w\" sizes=\"(max-width: 500px) 100vw, 500px\" \/>\t\t\t\t\t\t\t\t\t\t\t\t\t\t\t<\/div>\n\t\t\t\t<\/div>\n\t\t\t\t\t<\/div>\n\t\t<\/div>\n\t\t\t\t\t<\/div>\n\t\t<\/section>\n\t\t\t\t<section class=\"elementor-section elementor-top-section elementor-element elementor-element-1dbcc84 elementor-section-boxed elementor-section-height-default elementor-section-height-default\" data-id=\"1dbcc84\" data-element_type=\"section\" data-e-type=\"section\">\n\t\t\t\t\t\t<div class=\"elementor-container elementor-column-gap-default\">\n\t\t\t\t\t<div class=\"elementor-column elementor-col-50 elementor-top-column elementor-element elementor-element-2bf696c\" data-id=\"2bf696c\" data-element_type=\"column\" data-e-type=\"column\">\n\t\t\t<div class=\"elementor-widget-wrap elementor-element-populated\">\n\t\t\t\t\t\t<div class=\"elementor-element elementor-element-13693af elementor-widget elementor-widget-heading\" data-id=\"13693af\" data-element_type=\"widget\" data-e-type=\"widget\" data-widget_type=\"heading.default\">\n\t\t\t\t<div class=\"elementor-widget-container\">\n\t\t\t\t\t<h3 class=\"elementor-heading-title elementor-size-default\">Passione per la casa.<\/h3>\t\t\t\t<\/div>\n\t\t\t\t<\/div>\n\t\t\t\t<div class=\"elementor-element elementor-element-03e407b elementor-widget elementor-widget-text-editor\" data-id=\"03e407b\" data-element_type=\"widget\" data-e-type=\"widget\" data-widget_type=\"text-editor.default\">\n\t\t\t\t<div class=\"elementor-widget-container\">\n\t\t\t\t\t\t\t\t\t<p>I clienti esigenti dei settori della ristorazione, dell&#8217;industria e della medicina si affidano alle bilance, alle macchine e ai dispositivi di misurazione del produttore tradizionale ADE. Il marchio ADE offre anche prodotti per la casa e il benessere personale, che portano freschezza, piacere e gioia di vivere: Elettrodomestici da cucina, dalle esclusive affettatrici multiuso ai tritacarne, bilance e aiutanti da cucina, bilance per l&#8217;analisi personale e corporea per il bagno, purificatori d&#8217;aria e umidificatori per la casa &#8211; ispirati dai professionisti.<\/p>\n<p>Maggiori informazioni e acquisti su<strong> <span style=\"text-decoration: underline;\"><a href=\"https:\/\/ade-home.de\/\">ade-home.de<\/a><\/span><\/strong><\/p>\n\t\t\t\t\t\t\t\t<\/div>\n\t\t\t\t<\/div>\n\t\t\t\t\t<\/div>\n\t\t<\/div>\n\t\t\t\t<div class=\"elementor-column elementor-col-50 elementor-top-column elementor-element elementor-element-c4381a2\" data-id=\"c4381a2\" data-element_type=\"column\" data-e-type=\"column\">\n\t\t\t<div class=\"elementor-widget-wrap elementor-element-populated\">\n\t\t\t\t\t\t<div class=\"elementor-element elementor-element-030e382 elementor-widget elementor-widget-image\" data-id=\"030e382\" data-element_type=\"widget\" data-e-type=\"widget\" data-widget_type=\"image.default\">\n\t\t\t\t<div class=\"elementor-widget-container\">\n\t\t\t\t\t\t\t\t\t\t\t\t\t\t\t<img decoding=\"async\" width=\"500\" height=\"500\" src=\"https:\/\/www.grends.de\/wp-content\/uploads\/2024\/08\/Grends-Marken-ADE-Produkte.png\" class=\"attachment-medium_large size-medium_large wp-image-1156\" alt=\"\" srcset=\"https:\/\/www.grends.de\/wp-content\/uploads\/2024\/08\/Grends-Marken-ADE-Produkte.png 500w, https:\/\/www.grends.de\/wp-content\/uploads\/2024\/08\/Grends-Marken-ADE-Produkte-300x300.png 300w, https:\/\/www.grends.de\/wp-content\/uploads\/2024\/08\/Grends-Marken-ADE-Produkte-150x150.png 150w\" sizes=\"(max-width: 500px) 100vw, 500px\" \/>\t\t\t\t\t\t\t\t\t\t\t\t\t\t\t<\/div>\n\t\t\t\t<\/div>\n\t\t\t\t\t<\/div>\n\t\t<\/div>\n\t\t\t\t\t<\/div>\n\t\t<\/section>\n\t\t\t\t<section class=\"elementor-section elementor-top-section elementor-element elementor-element-9272feb elementor-section-boxed elementor-section-height-default elementor-section-height-default\" data-id=\"9272feb\" data-element_type=\"section\" data-e-type=\"section\">\n\t\t\t\t\t\t\t<div class=\"elementor-background-overlay\"><\/div>\n\t\t\t\t\t\t\t<div class=\"elementor-container elementor-column-gap-default\">\n\t\t\t\t\t<div class=\"elementor-column elementor-col-100 elementor-top-column elementor-element elementor-element-2c4c597\" data-id=\"2c4c597\" data-element_type=\"column\" data-e-type=\"column\">\n\t\t\t<div class=\"elementor-widget-wrap elementor-element-populated\">\n\t\t\t\t\t\t<div class=\"elementor-element elementor-element-11f572d elementor-hidden-desktop elementor-hidden-tablet elementor-widget-divider--view-line elementor-widget elementor-widget-divider\" data-id=\"11f572d\" data-element_type=\"widget\" data-e-type=\"widget\" data-widget_type=\"divider.default\">\n\t\t\t\t<div class=\"elementor-widget-container\">\n\t\t\t\t\t\t\t<div class=\"elementor-divider\">\n\t\t\t<span class=\"elementor-divider-separator\">\n\t\t\t\t\t\t<\/span>\n\t\t<\/div>\n\t\t\t\t\t\t<\/div>\n\t\t\t\t<\/div>\n\t\t\t\t<div class=\"elementor-element elementor-element-00596f4 elementor-widget elementor-widget-image\" data-id=\"00596f4\" data-element_type=\"widget\" data-e-type=\"widget\" data-widget_type=\"image.default\">\n\t\t\t\t<div class=\"elementor-widget-container\">\n\t\t\t\t\t\t\t\t\t\t\t\t\t\t\t\t<a href=\"https:\/\/www.grends.de\/it\/snuutje\/\">\n\t\t\t\t\t\t\t<img decoding=\"async\" width=\"300\" height=\"143\" src=\"https:\/\/www.grends.de\/wp-content\/uploads\/2024\/08\/Logo-snuutje-500x238-1-300x143.png\" class=\"attachment-medium size-medium wp-image-1159\" alt=\"\" srcset=\"https:\/\/www.grends.de\/wp-content\/uploads\/2024\/08\/Logo-snuutje-500x238-1-300x143.png 300w, https:\/\/www.grends.de\/wp-content\/uploads\/2024\/08\/Logo-snuutje-500x238-1-150x71.png 150w, https:\/\/www.grends.de\/wp-content\/uploads\/2024\/08\/Logo-snuutje-500x238-1.png 500w\" sizes=\"(max-width: 300px) 100vw, 300px\" \/>\t\t\t\t\t\t\t\t<\/a>\n\t\t\t\t\t\t\t\t\t\t\t\t\t\t\t<\/div>\n\t\t\t\t<\/div>\n\t\t\t\t\t<\/div>\n\t\t<\/div>\n\t\t\t\t\t<\/div>\n\t\t<\/section>\n\t\t\t\t<section class=\"elementor-section elementor-top-section elementor-element elementor-element-4135dc9 elementor-section-boxed elementor-section-height-default elementor-section-height-default\" data-id=\"4135dc9\" data-element_type=\"section\" data-e-type=\"section\">\n\t\t\t\t\t\t<div class=\"elementor-container elementor-column-gap-default\">\n\t\t\t\t\t<div class=\"elementor-column elementor-col-50 elementor-top-column elementor-element elementor-element-81638a4\" data-id=\"81638a4\" data-element_type=\"column\" data-e-type=\"column\">\n\t\t\t<div class=\"elementor-widget-wrap elementor-element-populated\">\n\t\t\t\t\t\t<div class=\"elementor-element elementor-element-455071d elementor-widget elementor-widget-heading\" data-id=\"455071d\" data-element_type=\"widget\" data-e-type=\"widget\" data-widget_type=\"heading.default\">\n\t\t\t\t<div class=\"elementor-widget-container\">\n\t\t\t\t\t<h3 class=\"elementor-heading-title elementor-size-default\">SNUUTJE - Basso tedesco per \"tesoro\".<\/h3>\t\t\t\t<\/div>\n\t\t\t\t<\/div>\n\t\t\t\t<div class=\"elementor-element elementor-element-1448845 elementor-widget elementor-widget-text-editor\" data-id=\"1448845\" data-element_type=\"widget\" data-e-type=\"widget\" data-widget_type=\"text-editor.default\">\n\t\t\t\t<div class=\"elementor-widget-container\">\n\t\t\t\t\t\t\t\t\t<p>Nordico per natura: un marchio preferito con un senso della famiglia. Il nuovo marchio snuutje\u00ae offre cose belle per tutta la famiglia. Che si tratti di grotte sospese per sognare, di ausili per il sonno per giovani e anziani&#8230; una raffinata selezione di idee legate al design e alla funzionalit\u00e0 si trasformano in prodotti affidabili che sono semplicemente un piacere da usare grazie a materiali di alta qualit\u00e0 e a una buona lavorazione. Niente fronzoli, niente fronzoli, solo un&#8217;atmosfera piacevole e rilassata!<\/p><p>Maggiori informazioni su:<strong> <span style=\"text-decoration: underline;\"><a href=\"https:\/\/www.grends.de\/it\/snuutje\">grends.de\/it\/snuutje\/<\/a><\/span><\/strong><\/p>\t\t\t\t\t\t\t\t<\/div>\n\t\t\t\t<\/div>\n\t\t\t\t\t<\/div>\n\t\t<\/div>\n\t\t\t\t<div class=\"elementor-column elementor-col-50 elementor-top-column elementor-element elementor-element-870d512\" data-id=\"870d512\" data-element_type=\"column\" data-e-type=\"column\">\n\t\t\t<div class=\"elementor-widget-wrap elementor-element-populated\">\n\t\t\t\t\t\t<div class=\"elementor-element elementor-element-a218613 e-transform elementor-widget elementor-widget-image\" data-id=\"a218613\" data-element_type=\"widget\" data-e-type=\"widget\" data-settings=\"{&quot;_transform_flipX_effect&quot;:&quot;transform&quot;}\" data-widget_type=\"image.default\">\n\t\t\t\t<div class=\"elementor-widget-container\">\n\t\t\t\t\t\t\t\t\t\t\t\t\t\t\t<img decoding=\"async\" src=\"https:\/\/www.grends.de\/wp-content\/uploads\/elementor\/thumbs\/SNU2303-Set-qscyichhlt63xbex90mugyrh7npfgan3be5c7mcuq0.png\" title=\"SNU2303-Set\" alt=\"SNU2303-Set\" loading=\"lazy\" \/>\t\t\t\t\t\t\t\t\t\t\t\t\t\t\t<\/div>\n\t\t\t\t<\/div>\n\t\t\t\t\t<\/div>\n\t\t<\/div>\n\t\t\t\t\t<\/div>\n\t\t<\/section>\n\t\t\t\t<section class=\"elementor-section elementor-top-section elementor-element elementor-element-0cc788c elementor-section-boxed elementor-section-height-default elementor-section-height-default\" data-id=\"0cc788c\" data-element_type=\"section\" data-e-type=\"section\">\n\t\t\t\t\t\t<div class=\"elementor-container elementor-column-gap-default\">\n\t\t\t\t\t<div class=\"elementor-column elementor-col-100 elementor-top-column elementor-element elementor-element-c8e6d5a\" data-id=\"c8e6d5a\" data-element_type=\"column\" data-e-type=\"column\">\n\t\t\t<div class=\"elementor-widget-wrap elementor-element-populated\">\n\t\t\t\t\t\t<div class=\"elementor-element elementor-element-817d2d9 elementor-hidden-desktop elementor-hidden-tablet elementor-widget-divider--view-line elementor-widget elementor-widget-divider\" data-id=\"817d2d9\" data-element_type=\"widget\" data-e-type=\"widget\" data-widget_type=\"divider.default\">\n\t\t\t\t<div class=\"elementor-widget-container\">\n\t\t\t\t\t\t\t<div class=\"elementor-divider\">\n\t\t\t<span class=\"elementor-divider-separator\">\n\t\t\t\t\t\t<\/span>\n\t\t<\/div>\n\t\t\t\t\t\t<\/div>\n\t\t\t\t<\/div>\n\t\t\t\t<div class=\"elementor-element elementor-element-536379a elementor-widget elementor-widget-image\" data-id=\"536379a\" data-element_type=\"widget\" data-e-type=\"widget\" data-widget_type=\"image.default\">\n\t\t\t\t<div class=\"elementor-widget-container\">\n\t\t\t\t\t\t\t\t\t\t\t\t\t\t\t\t<a href=\"https:\/\/hafenbande.com\/\">\n\t\t\t\t\t\t\t<img loading=\"lazy\" decoding=\"async\" width=\"150\" height=\"150\" src=\"https:\/\/www.grends.de\/wp-content\/uploads\/2024\/08\/WS_Logo_HB_300x300-150x150.png\" class=\"attachment-thumbnail size-thumbnail wp-image-1161\" alt=\"\" srcset=\"https:\/\/www.grends.de\/wp-content\/uploads\/2024\/08\/WS_Logo_HB_300x300-150x150.png 150w, https:\/\/www.grends.de\/wp-content\/uploads\/2024\/08\/WS_Logo_HB_300x300.png 300w\" sizes=\"(max-width: 150px) 100vw, 150px\" \/>\t\t\t\t\t\t\t\t<\/a>\n\t\t\t\t\t\t\t\t\t\t\t\t\t\t\t<\/div>\n\t\t\t\t<\/div>\n\t\t\t\t\t<\/div>\n\t\t<\/div>\n\t\t\t\t\t<\/div>\n\t\t<\/section>\n\t\t\t\t<section class=\"elementor-section elementor-top-section elementor-element elementor-element-363bbfd elementor-reverse-mobile elementor-section-boxed elementor-section-height-default elementor-section-height-default\" data-id=\"363bbfd\" data-element_type=\"section\" data-e-type=\"section\">\n\t\t\t\t\t\t<div class=\"elementor-container elementor-column-gap-default\">\n\t\t\t\t\t<div class=\"elementor-column elementor-col-50 elementor-top-column elementor-element elementor-element-a01e051\" data-id=\"a01e051\" data-element_type=\"column\" data-e-type=\"column\">\n\t\t\t<div class=\"elementor-widget-wrap elementor-element-populated\">\n\t\t\t\t\t\t<div class=\"elementor-element elementor-element-ddc075c elementor-widget elementor-widget-heading\" data-id=\"ddc075c\" data-element_type=\"widget\" data-e-type=\"widget\" data-widget_type=\"heading.default\">\n\t\t\t\t<div class=\"elementor-widget-container\">\n\t\t\t\t\t<h3 class=\"elementor-heading-title elementor-size-default\">Hafenbande - nuovo di zecca a bordo!<\/h3>\t\t\t\t<\/div>\n\t\t\t\t<\/div>\n\t\t\t\t<div class=\"elementor-element elementor-element-5a85e5b elementor-widget elementor-widget-text-editor\" data-id=\"5a85e5b\" data-element_type=\"widget\" data-e-type=\"widget\" data-widget_type=\"text-editor.default\">\n\t\t\t\t<div class=\"elementor-widget-container\">\n\t\t\t\t\t\t\t\t\t<p>Il nuovo marchio di accessori per animali domestici per cani, gatti e roditori. Dalle cucce per cani in plastica di alta qualit\u00e0 e i tiragraffi in legno alle ciotole con funzione di pesatura e ai collari con luci LED. Qui trover\u00e0 qualit\u00e0 e sicurezza testate &#8211; per tutti i tipi di animali.  <\/p>\n<p>L&#8217;interesse per le forniture di animali domestici \u00e8 maggiore che mai, con il numero di proprietari di cani registrati che \u00e8 aumentato del 20 percento lo scorso anno. Seguiti da gatti, i cani rimangono gli animali preferiti dai tedeschi, anche se i gatti sono ancora al secondo posto. Cosa c&#8217;\u00e8 di pi\u00f9 naturale che integrare il nostro marchio nel mondo della casa con una selezione di prodotti per animali domestici? Il marchio Hafenbande, con sede ad Amburgo, \u00e8 una gamma di accessori in costante crescita che soddisfa gli stessi requisiti per i piccoli e grandi amici pelosi che abbiamo per i prodotti umani: design bello e funzionale, materiali sicuri e buona lavorazione.<\/p>\n<p>Maggiori informazioni e acquisti su<strong> <span style=\"text-decoration: underline;\"><a href=\"https:\/\/hafenbande.com\/\">hafenbande.com<\/a><\/span><\/strong><\/p>\n\t\t\t\t\t\t\t\t<\/div>\n\t\t\t\t<\/div>\n\t\t\t\t\t<\/div>\n\t\t<\/div>\n\t\t\t\t<div class=\"elementor-column elementor-col-50 elementor-top-column elementor-element elementor-element-4a77c4e\" data-id=\"4a77c4e\" data-element_type=\"column\" data-e-type=\"column\">\n\t\t\t<div class=\"elementor-widget-wrap elementor-element-populated\">\n\t\t\t\t\t\t<div class=\"elementor-element elementor-element-83b6d99 elementor-widget elementor-widget-image\" data-id=\"83b6d99\" data-element_type=\"widget\" data-e-type=\"widget\" data-widget_type=\"image.default\">\n\t\t\t\t<div class=\"elementor-widget-container\">\n\t\t\t\t\t\t\t\t\t\t\t\t\t\t\t<img loading=\"lazy\" decoding=\"async\" width=\"324\" height=\"302\" src=\"https:\/\/www.grends.de\/wp-content\/uploads\/2024\/08\/WS_Hafenbande_Hundebeutel_HPC2001_324x302.png\" class=\"attachment-large size-large wp-image-1163\" alt=\"\" srcset=\"https:\/\/www.grends.de\/wp-content\/uploads\/2024\/08\/WS_Hafenbande_Hundebeutel_HPC2001_324x302.png 324w, https:\/\/www.grends.de\/wp-content\/uploads\/2024\/08\/WS_Hafenbande_Hundebeutel_HPC2001_324x302-300x280.png 300w, https:\/\/www.grends.de\/wp-content\/uploads\/2024\/08\/WS_Hafenbande_Hundebeutel_HPC2001_324x302-150x140.png 150w\" sizes=\"(max-width: 324px) 100vw, 324px\" \/>\t\t\t\t\t\t\t\t\t\t\t\t\t\t\t<\/div>\n\t\t\t\t<\/div>\n\t\t\t\t\t<\/div>\n\t\t<\/div>\n\t\t\t\t\t<\/div>\n\t\t<\/section>\n\t\t\t\t<\/div>\n\t\t","protected":false},"excerpt":{"rendered":"<p>Con successo. Semplificare la vita. Beni di consumo non alimentari Zeitgeist e linea del tempo. Qualit\u00e0 e servizio. Quando una buona idea diventa un successo di vendita e i nostri clienti non devono preoccuparsi quasi di nulla, abbiamo raggiunto il nostro obiettivo. Da oltre 15 anni, sosteniamo il commercio di beni di consumo come trend [&hellip;]<\/p>\n","protected":false},"author":3,"featured_media":1153,"parent":0,"menu_order":1,"comment_status":"closed","ping_status":"closed","template":"","meta":{"_seopress_robots_primary_cat":"","_seopress_titles_title":"","_seopress_titles_desc":"","_seopress_robots_index":"","footnotes":""},"class_list":["post-1152","page","type-page","status-publish","has-post-thumbnail","hentry"],"ase":null,"_links":{"self":[{"href":"https:\/\/www.grends.de\/it\/wp-json\/wp\/v2\/pages\/1152","targetHints":{"allow":["GET"]}}],"collection":[{"href":"https:\/\/www.grends.de\/it\/wp-json\/wp\/v2\/pages"}],"about":[{"href":"https:\/\/www.grends.de\/it\/wp-json\/wp\/v2\/types\/page"}],"author":[{"embeddable":true,"href":"https:\/\/www.grends.de\/it\/wp-json\/wp\/v2\/users\/3"}],"replies":[{"embeddable":true,"href":"https:\/\/www.grends.de\/it\/wp-json\/wp\/v2\/comments?post=1152"}],"version-history":[{"count":17,"href":"https:\/\/www.grends.de\/it\/wp-json\/wp\/v2\/pages\/1152\/revisions"}],"predecessor-version":[{"id":1554,"href":"https:\/\/www.grends.de\/it\/wp-json\/wp\/v2\/pages\/1152\/revisions\/1554"}],"wp:featuredmedia":[{"embeddable":true,"href":"https:\/\/www.grends.de\/it\/wp-json\/wp\/v2\/media\/1153"}],"wp:attachment":[{"href":"https:\/\/www.grends.de\/it\/wp-json\/wp\/v2\/media?parent=1152"}],"curies":[{"name":"wp","href":"https:\/\/api.w.org\/{rel}","templated":true}]}}