{"id":1248,"date":"2024-08-14T15:35:24","date_gmt":"2024-08-14T13:35:24","guid":{"rendered":"https:\/\/www.grends.de\/b2b\/"},"modified":"2024-08-15T11:36:59","modified_gmt":"2024-08-15T09:36:59","slug":"b2b","status":"publish","type":"page","link":"https:\/\/www.grends.de\/it\/b2b\/","title":{"rendered":"B2B"},"content":{"rendered":"\t\t<div data-elementor-type=\"wp-page\" data-elementor-id=\"1248\" class=\"elementor elementor-1248 elementor-44\" data-elementor-post-type=\"page\">\n\t\t\t\t\t\t<section class=\"elementor-section elementor-top-section elementor-element elementor-element-357e20f elementor-section-boxed elementor-section-height-default elementor-section-height-default\" data-id=\"357e20f\" data-element_type=\"section\" data-e-type=\"section\" data-settings=\"{&quot;background_background&quot;:&quot;classic&quot;}\">\n\t\t\t\t\t\t<div class=\"elementor-container elementor-column-gap-default\">\n\t\t\t\t\t<div class=\"elementor-column elementor-col-100 elementor-top-column elementor-element elementor-element-fcb484b\" data-id=\"fcb484b\" data-element_type=\"column\" data-e-type=\"column\">\n\t\t\t<div class=\"elementor-widget-wrap elementor-element-populated\">\n\t\t\t\t\t\t<div class=\"elementor-element elementor-element-2d6eddd elementor-widget elementor-widget-heading\" data-id=\"2d6eddd\" data-element_type=\"widget\" data-e-type=\"widget\" data-widget_type=\"heading.default\">\n\t\t\t\t<div class=\"elementor-widget-container\">\n\t\t\t\t\t<h1 class=\"elementor-heading-title elementor-size-default\">I nostri servizi<\/h1>\t\t\t\t<\/div>\n\t\t\t\t<\/div>\n\t\t\t\t\t<\/div>\n\t\t<\/div>\n\t\t\t\t\t<\/div>\n\t\t<\/section>\n\t\t\t\t<section class=\"elementor-section elementor-top-section elementor-element elementor-element-ff4e79f elementor-section-boxed elementor-section-height-default elementor-section-height-default\" data-id=\"ff4e79f\" data-element_type=\"section\" data-e-type=\"section\">\n\t\t\t\t\t\t<div class=\"elementor-container elementor-column-gap-default\">\n\t\t\t\t\t<div class=\"elementor-column elementor-col-100 elementor-top-column elementor-element elementor-element-1e1b1dc\" data-id=\"1e1b1dc\" data-element_type=\"column\" data-e-type=\"column\">\n\t\t\t<div class=\"elementor-widget-wrap elementor-element-populated\">\n\t\t\t\t\t\t<div class=\"elementor-element elementor-element-43b7c6f elementor-position-inline-start elementor-view-default elementor-mobile-position-block-start elementor-widget elementor-widget-icon-box\" data-id=\"43b7c6f\" data-element_type=\"widget\" data-e-type=\"widget\" data-widget_type=\"icon-box.default\">\n\t\t\t\t<div class=\"elementor-widget-container\">\n\t\t\t\t\t\t\t<div class=\"elementor-icon-box-wrapper\">\n\n\t\t\t\t\t\t<div class=\"elementor-icon-box-icon\">\n\t\t\t\t<span  class=\"elementor-icon\">\n\t\t\t\t<i aria-hidden=\"true\" class=\"far fa-eye\"><\/i>\t\t\t\t<\/span>\n\t\t\t<\/div>\n\t\t\t\n\t\t\t\t\t\t<div class=\"elementor-icon-box-content\">\n\n\t\t\t\t\t\t\t\t\t<h2 class=\"elementor-icon-box-title\">\n\t\t\t\t\t\t<span  >\n\t\t\t\t\t\t\tIdee di prodotto.\nLa tendenza incontra il marchio \t\t\t\t\t\t<\/span>\n\t\t\t\t\t<\/h2>\n\t\t\t\t\n\t\t\t\t\n\t\t\t<\/div>\n\t\t\t\n\t\t<\/div>\n\t\t\t\t\t\t<\/div>\n\t\t\t\t<\/div>\n\t\t\t\t\t<\/div>\n\t\t<\/div>\n\t\t\t\t\t<\/div>\n\t\t<\/section>\n\t\t\t\t<section class=\"elementor-section elementor-top-section elementor-element elementor-element-7e4d81c elementor-section-boxed elementor-section-height-default elementor-section-height-default\" data-id=\"7e4d81c\" data-element_type=\"section\" data-e-type=\"section\">\n\t\t\t\t\t\t<div class=\"elementor-container elementor-column-gap-default\">\n\t\t\t\t\t<div class=\"elementor-column elementor-col-66 elementor-top-column elementor-element elementor-element-8367ec0\" data-id=\"8367ec0\" data-element_type=\"column\" data-e-type=\"column\">\n\t\t\t<div class=\"elementor-widget-wrap elementor-element-populated\">\n\t\t\t\t\t\t<div class=\"elementor-element elementor-element-3679ff7 elementor-widget elementor-widget-text-editor\" data-id=\"3679ff7\" data-element_type=\"widget\" data-e-type=\"widget\" data-widget_type=\"text-editor.default\">\n\t\t\t\t<div class=\"elementor-widget-container\">\n\t\t\t\t\t\t\t\t\t<p><strong>La vita pu\u00f2 essere cos\u00ec facile. Con partner che riconoscono oggi quello che sar\u00e0 il trend di domani, che conoscono il collaudato e che tuttavia sono sempre appassionati di ripensamenti. <\/strong><\/p><p>Il nostro team di gestione dei prodotti fa proprio questo, con occhi aperti alle fiere internazionali, nelle preziose collaborazioni con i nostri fornitori o nelle riunioni interne di prodotto, sempre con un occhio attento alle opportunit\u00e0 di mercato e alla fattibilit\u00e0. Ci coordiniamo con i nostri clienti sui canali di vendita e sui gruppi target, diamo impulso a nuovi prodotti e design e realizziamo anche richieste specifiche. Dalla campionatura all&#8217;ordine, tutto \u00e8 nelle nostre mani.<\/p>\t\t\t\t\t\t\t\t<\/div>\n\t\t\t\t<\/div>\n\t\t\t\t\t<\/div>\n\t\t<\/div>\n\t\t\t\t<div class=\"elementor-column elementor-col-33 elementor-top-column elementor-element elementor-element-36c3c7d\" data-id=\"36c3c7d\" data-element_type=\"column\" data-e-type=\"column\">\n\t\t\t<div class=\"elementor-widget-wrap elementor-element-populated\">\n\t\t\t\t\t\t<div class=\"elementor-element elementor-element-d6805ef elementor-widget elementor-widget-text-editor\" data-id=\"d6805ef\" data-element_type=\"widget\" data-e-type=\"widget\" data-widget_type=\"text-editor.default\">\n\t\t\t\t<div class=\"elementor-widget-container\">\n\t\t\t\t\t\t\t\t\t<p><strong>Ci contatti<\/strong><\/p>\n<p>Informazioni e consulenza<br \/><span style=\"text-decoration: underline;\"><a style=\"color: #333333; text-decoration: underline;\" href=\"mailto:consumer@grends.de\"><span style=\"display:inline;unicode-bidi:bidi-override;direction:rtl;\" class=\"\">ed.sdnerg<span style=\"display:none;\">obfsctd-16e5e6<\/span>&#64;remusnoc<\/span><\/a><\/span><\/p>\n\t\t\t\t\t\t\t\t<\/div>\n\t\t\t\t<\/div>\n\t\t\t\t\t<\/div>\n\t\t<\/div>\n\t\t\t\t\t<\/div>\n\t\t<\/section>\n\t\t\t\t<section class=\"elementor-section elementor-top-section elementor-element elementor-element-341423a elementor-section-boxed elementor-section-height-default elementor-section-height-default\" data-id=\"341423a\" data-element_type=\"section\" data-e-type=\"section\">\n\t\t\t\t\t\t<div class=\"elementor-container elementor-column-gap-default\">\n\t\t\t\t\t<div class=\"elementor-column elementor-col-100 elementor-top-column elementor-element elementor-element-a021219\" data-id=\"a021219\" data-element_type=\"column\" data-e-type=\"column\">\n\t\t\t<div class=\"elementor-widget-wrap elementor-element-populated\">\n\t\t\t\t\t\t<div class=\"elementor-element elementor-element-b8c0dce elementor-widget-divider--view-line elementor-widget elementor-widget-divider\" data-id=\"b8c0dce\" data-element_type=\"widget\" data-e-type=\"widget\" data-widget_type=\"divider.default\">\n\t\t\t\t<div class=\"elementor-widget-container\">\n\t\t\t\t\t\t\t<div class=\"elementor-divider\">\n\t\t\t<span class=\"elementor-divider-separator\">\n\t\t\t\t\t\t<\/span>\n\t\t<\/div>\n\t\t\t\t\t\t<\/div>\n\t\t\t\t<\/div>\n\t\t\t\t<div class=\"elementor-element elementor-element-63887c6 elementor-position-inline-start elementor-view-default elementor-mobile-position-block-start elementor-widget elementor-widget-icon-box\" data-id=\"63887c6\" data-element_type=\"widget\" data-e-type=\"widget\" data-widget_type=\"icon-box.default\">\n\t\t\t\t<div class=\"elementor-widget-container\">\n\t\t\t\t\t\t\t<div class=\"elementor-icon-box-wrapper\">\n\n\t\t\t\t\t\t<div class=\"elementor-icon-box-icon\">\n\t\t\t\t<span  class=\"elementor-icon\">\n\t\t\t\t<i aria-hidden=\"true\" class=\"fas fa-shield-alt\"><\/i>\t\t\t\t<\/span>\n\t\t\t<\/div>\n\t\t\t\n\t\t\t\t\t\t<div class=\"elementor-icon-box-content\">\n\n\t\t\t\t\t\t\t\t\t<h2 class=\"elementor-icon-box-title\">\n\t\t\t\t\t\t<span  >\n\t\t\t\t\t\t\tGARANZIA DI QUALIT\u00c0.\nLA SICUREZZA \u00c8 UNO STANDARD \t\t\t\t\t\t<\/span>\n\t\t\t\t\t<\/h2>\n\t\t\t\t\n\t\t\t\t\n\t\t\t<\/div>\n\t\t\t\n\t\t<\/div>\n\t\t\t\t\t\t<\/div>\n\t\t\t\t<\/div>\n\t\t\t\t<div class=\"elementor-element elementor-element-a850e73 elementor-widget elementor-widget-text-editor\" data-id=\"a850e73\" data-element_type=\"widget\" data-e-type=\"widget\" data-widget_type=\"text-editor.default\">\n\t\t\t\t<div class=\"elementor-widget-container\">\n\t\t\t\t\t\t\t\t\t<p><strong>La nostra gestione della qualit\u00e0 assicura in modo affidabile che i requisiti del marchio dei nostri clienti si riflettano nel prodotto e nella sua confezione, indipendentemente dalla quantit\u00e0 dell&#8217;ordine o dal prezzo.<\/strong><\/p><p>Ci occupiamo di tutte le certificazioni pertinenti richieste all&#8217;interno dell&#8217;UE. Questo assicura, ad esempio, che vengano prese in considerazione le normative necessarie per l&#8217;etichettatura CE e la conformit\u00e0 ad altri requisiti legali. Ci occupiamo delle normative pertinenti come EMC, RoHS, LFGB, PAH o Reach. A seconda del prodotto e del gruppo target, questo include anche i test T\u00dcV e i certificati GS e, naturalmente, un&#8217;ispezione documentata del prodotto prima della consegna della merce.<\/p>\t\t\t\t\t\t\t\t<\/div>\n\t\t\t\t<\/div>\n\t\t\t\t<div class=\"elementor-element elementor-element-043520e elementor-widget-divider--view-line elementor-widget elementor-widget-divider\" data-id=\"043520e\" data-element_type=\"widget\" data-e-type=\"widget\" data-widget_type=\"divider.default\">\n\t\t\t\t<div class=\"elementor-widget-container\">\n\t\t\t\t\t\t\t<div class=\"elementor-divider\">\n\t\t\t<span class=\"elementor-divider-separator\">\n\t\t\t\t\t\t<\/span>\n\t\t<\/div>\n\t\t\t\t\t\t<\/div>\n\t\t\t\t<\/div>\n\t\t\t\t<div class=\"elementor-element elementor-element-6d8e543 elementor-position-inline-start elementor-view-default elementor-mobile-position-block-start elementor-widget elementor-widget-icon-box\" data-id=\"6d8e543\" data-element_type=\"widget\" data-e-type=\"widget\" data-widget_type=\"icon-box.default\">\n\t\t\t\t<div class=\"elementor-widget-container\">\n\t\t\t\t\t\t\t<div class=\"elementor-icon-box-wrapper\">\n\n\t\t\t\t\t\t<div class=\"elementor-icon-box-icon\">\n\t\t\t\t<span  class=\"elementor-icon\">\n\t\t\t\t<i aria-hidden=\"true\" class=\"fas fa-link\"><\/i>\t\t\t\t<\/span>\n\t\t\t<\/div>\n\t\t\t\n\t\t\t\t\t\t<div class=\"elementor-icon-box-content\">\n\n\t\t\t\t\t\t\t\t\t<h2 class=\"elementor-icon-box-title\">\n\t\t\t\t\t\t<span  >\n\t\t\t\t\t\t\tFornitori.\nFiducia attraverso la responsabilit\u00e0 \t\t\t\t\t\t<\/span>\n\t\t\t\t\t<\/h2>\n\t\t\t\t\n\t\t\t\t\n\t\t\t<\/div>\n\t\t\t\n\t\t<\/div>\n\t\t\t\t\t\t<\/div>\n\t\t\t\t<\/div>\n\t\t\t\t<div class=\"elementor-element elementor-element-00bfcf1 elementor-widget elementor-widget-text-editor\" data-id=\"00bfcf1\" data-element_type=\"widget\" data-e-type=\"widget\" data-widget_type=\"text-editor.default\">\n\t\t\t\t<div class=\"elementor-widget-container\">\n\t\t\t\t\t\t\t\t\t<p><strong>Siamo membri di amfori BSCI e garantiamo il rispetto degli standard sociali minimi, che in Germania sono dati per scontati, nell&#8217;intero processo produttivo e nella catena di fornitura.<\/strong><\/p><p>Realizziamo la maggior parte dei nostri prodotti con fornitori all&#8217;estero, dall&#8217;Europa alla Cina. Mantenendo relazioni commerciali personali, visitando i fornitori in loco e, naturalmente, effettuando audit regolari, ci assicuriamo che i nostri fornitori trattino le persone e l&#8217;ambiente in modo responsabile.<\/p>\t\t\t\t\t\t\t\t<\/div>\n\t\t\t\t<\/div>\n\t\t\t\t<div class=\"elementor-element elementor-element-612ec13 elementor-widget-divider--view-line elementor-widget elementor-widget-divider\" data-id=\"612ec13\" data-element_type=\"widget\" data-e-type=\"widget\" data-widget_type=\"divider.default\">\n\t\t\t\t<div class=\"elementor-widget-container\">\n\t\t\t\t\t\t\t<div class=\"elementor-divider\">\n\t\t\t<span class=\"elementor-divider-separator\">\n\t\t\t\t\t\t<\/span>\n\t\t<\/div>\n\t\t\t\t\t\t<\/div>\n\t\t\t\t<\/div>\n\t\t\t\t<div class=\"elementor-element elementor-element-901771a elementor-position-inline-start elementor-view-default elementor-mobile-position-block-start elementor-widget elementor-widget-icon-box\" data-id=\"901771a\" data-element_type=\"widget\" data-e-type=\"widget\" data-widget_type=\"icon-box.default\">\n\t\t\t\t<div class=\"elementor-widget-container\">\n\t\t\t\t\t\t\t<div class=\"elementor-icon-box-wrapper\">\n\n\t\t\t\t\t\t<div class=\"elementor-icon-box-icon\">\n\t\t\t\t<span  class=\"elementor-icon\">\n\t\t\t\t<i aria-hidden=\"true\" class=\"fas fa-globe\"><\/i>\t\t\t\t<\/span>\n\t\t\t<\/div>\n\t\t\t\n\t\t\t\t\t\t<div class=\"elementor-icon-box-content\">\n\n\t\t\t\t\t\t\t\t\t<h2 class=\"elementor-icon-box-title\">\n\t\t\t\t\t\t<span  >\n\t\t\t\t\t\t\tLogistica.\nJust in time in tutto il mondo \t\t\t\t\t\t<\/span>\n\t\t\t\t\t<\/h2>\n\t\t\t\t\n\t\t\t\t\n\t\t\t<\/div>\n\t\t\t\n\t\t<\/div>\n\t\t\t\t\t\t<\/div>\n\t\t\t\t<\/div>\n\t\t\t\t<div class=\"elementor-element elementor-element-e37fdac elementor-widget elementor-widget-text-editor\" data-id=\"e37fdac\" data-element_type=\"widget\" data-e-type=\"widget\" data-widget_type=\"text-editor.default\">\n\t\t\t\t<div class=\"elementor-widget-container\">\n\t\t\t\t\t\t\t\t\t<p><strong>La gestione affidabile della catena di approvvigionamento \u00e8 un fattore chiave per il successo complessivo di un progetto, una sfida che siamo felici di affrontare per i nostri clienti.<\/strong><\/p><p>I rapporti commerciali di lunga data con i partner logistici consentono la consegna puntuale delle merci dai Paesi di produzione tramite nave, trasporto aereo e autotrasporto. Una pianificazione prudente delle scorte garantisce ai nostri clienti un alto livello di disponibilit\u00e0 dei prodotti.<br \/>Colleghi esperti con il pi\u00f9 recente know-how si occupano delle formalit\u00e0 doganali, gestiscono i danni da trasporto, gestiscono l&#8217;invio delle consegne B-to-C entro 24 ore e si occupano anche della gestione dei resi su richiesta.<\/p>\t\t\t\t\t\t\t\t<\/div>\n\t\t\t\t<\/div>\n\t\t\t\t<div class=\"elementor-element elementor-element-6bc8590 elementor-widget-divider--view-line elementor-widget elementor-widget-divider\" data-id=\"6bc8590\" data-element_type=\"widget\" data-e-type=\"widget\" data-widget_type=\"divider.default\">\n\t\t\t\t<div class=\"elementor-widget-container\">\n\t\t\t\t\t\t\t<div class=\"elementor-divider\">\n\t\t\t<span class=\"elementor-divider-separator\">\n\t\t\t\t\t\t<\/span>\n\t\t<\/div>\n\t\t\t\t\t\t<\/div>\n\t\t\t\t<\/div>\n\t\t\t\t<div class=\"elementor-element elementor-element-bdd6ea4 elementor-position-inline-start elementor-view-default elementor-mobile-position-block-start elementor-widget elementor-widget-icon-box\" data-id=\"bdd6ea4\" data-element_type=\"widget\" data-e-type=\"widget\" data-widget_type=\"icon-box.default\">\n\t\t\t\t<div class=\"elementor-widget-container\">\n\t\t\t\t\t\t\t<div class=\"elementor-icon-box-wrapper\">\n\n\t\t\t\t\t\t<div class=\"elementor-icon-box-icon\">\n\t\t\t\t<span  class=\"elementor-icon\">\n\t\t\t\t<i aria-hidden=\"true\" class=\"fas fa-phone-volume\"><\/i>\t\t\t\t<\/span>\n\t\t\t<\/div>\n\t\t\t\n\t\t\t\t\t\t<div class=\"elementor-icon-box-content\">\n\n\t\t\t\t\t\t\t\t\t<h2 class=\"elementor-icon-box-title\">\n\t\t\t\t\t\t<span  >\n\t\t\t\t\t\t\tAssistenza post-vendita.\nDai pezzi di ricambio alle linee telefoniche dirette \t\t\t\t\t\t<\/span>\n\t\t\t\t\t<\/h2>\n\t\t\t\t\n\t\t\t\t\n\t\t\t<\/div>\n\t\t\t\n\t\t<\/div>\n\t\t\t\t\t\t<\/div>\n\t\t\t\t<\/div>\n\t\t\t\t<div class=\"elementor-element elementor-element-345a4d3 elementor-widget elementor-widget-text-editor\" data-id=\"345a4d3\" data-element_type=\"widget\" data-e-type=\"widget\" data-widget_type=\"text-editor.default\">\n\t\t\t\t<div class=\"elementor-widget-container\">\n\t\t\t\t\t\t\t\t\t<p><strong>Per noi, il servizio inizia davvero solo con la consegna della merce, perch\u00e9 \u00e8 qui che un progetto rivela il suo lato esigente, che noi affrontiamo abitualmente con vigore e sensibilit\u00e0.<\/strong><\/p><p>La gestione dei resi sta diventando sempre pi\u00f9 importante per i rivenditori online, e per molti clienti la disponibilit\u00e0 di pezzi di ricambio \u00e8 sempre pi\u00f9 importante come opportunit\u00e0 di vendite aggiuntive, ma anche per motivi di sostenibilit\u00e0. Altri clienti desiderano un&#8217;assistenza telefonica per i prodotti che richiedono spiegazioni: i requisiti per i servizi e i livelli di assistenza sono molto diversi. Tutti hanno una cosa in comune: noi ce ne occupiamo e mettiamo insieme il giusto pacchetto di assistenza a tutto tondo per ogni progetto.<\/p>\t\t\t\t\t\t\t\t<\/div>\n\t\t\t\t<\/div>\n\t\t\t\t\t<\/div>\n\t\t<\/div>\n\t\t\t\t\t<\/div>\n\t\t<\/section>\n\t\t\t\t<\/div>\n\t\t","protected":false},"excerpt":{"rendered":"<p>I nostri servizi Idee di prodotto. La tendenza incontra il marchio La vita pu\u00f2 essere cos\u00ec facile. Con partner che riconoscono oggi quello che sar\u00e0 il trend di domani, che conoscono il collaudato e che tuttavia sono sempre appassionati di ripensamenti. Il nostro team di gestione dei prodotti fa proprio questo, con occhi aperti alle [&hellip;]<\/p>\n","protected":false},"author":3,"featured_media":1249,"parent":0,"menu_order":2,"comment_status":"closed","ping_status":"closed","template":"","meta":{"_seopress_robots_primary_cat":"","_seopress_titles_title":"","_seopress_titles_desc":"","_seopress_robots_index":"","footnotes":""},"class_list":["post-1248","page","type-page","status-publish","has-post-thumbnail","hentry"],"ase":null,"_links":{"self":[{"href":"https:\/\/www.grends.de\/it\/wp-json\/wp\/v2\/pages\/1248","targetHints":{"allow":["GET"]}}],"collection":[{"href":"https:\/\/www.grends.de\/it\/wp-json\/wp\/v2\/pages"}],"about":[{"href":"https:\/\/www.grends.de\/it\/wp-json\/wp\/v2\/types\/page"}],"author":[{"embeddable":true,"href":"https:\/\/www.grends.de\/it\/wp-json\/wp\/v2\/users\/3"}],"replies":[{"embeddable":true,"href":"https:\/\/www.grends.de\/it\/wp-json\/wp\/v2\/comments?post=1248"}],"version-history":[{"count":9,"href":"https:\/\/www.grends.de\/it\/wp-json\/wp\/v2\/pages\/1248\/revisions"}],"predecessor-version":[{"id":1638,"href":"https:\/\/www.grends.de\/it\/wp-json\/wp\/v2\/pages\/1248\/revisions\/1638"}],"wp:featuredmedia":[{"embeddable":true,"href":"https:\/\/www.grends.de\/it\/wp-json\/wp\/v2\/media\/1249"}],"wp:attachment":[{"href":"https:\/\/www.grends.de\/it\/wp-json\/wp\/v2\/media?parent=1248"}],"curies":[{"name":"wp","href":"https:\/\/api.w.org\/{rel}","templated":true}]}}